{"id":2467,"date":"2023-11-02T10:47:22","date_gmt":"2023-11-02T10:47:22","guid":{"rendered":"https:\/\/www.tavidraugi.lv\/?page_id=2467"},"modified":"2023-11-02T10:47:59","modified_gmt":"2023-11-02T10:47:59","slug":"klepjdatori-ukrainai-2","status":"publish","type":"page","link":"https:\/\/www.tavidraugi.lv\/uk\/klepjdatori-ukrainai-2\/","title":{"rendered":"Kl\u0113pjdatori Ukrainai"},"content":{"rendered":"<h3 style=\"text-align: center;\">Kas ir iniciat\u012bva KL\u0112PJDATORI UKRAINAI?<\/h3>\n<p class=\"p1\"><strong>Biedr\u012bba \u201cTavi draugi\u201d<\/strong> ir izveidojusi sadarb\u012bbu ar <strong><i>BEREC<\/i><\/strong> <strong>biroju<\/strong>, kas ir vien\u012bg\u0101 ES a\u0123ent\u016bra, kuras galven\u0101 m\u012btne atrodas Latvij\u0101. \u0160\u012b a\u0123ent\u016bra str\u0101d\u0101 elektronisko sakaru jom\u0101 Eiropas Savien\u012bb\u0101 un kop\u0101 ar biedr\u012bbu piedal\u0101s iniciat\u012bv\u0101 \u201cKl\u0113pjdatori Ukrainai\u201d (<i>Laptops for Ukraine<\/i>), lai pal\u012bdz\u0113tu Ukrainai saglab\u0101t sakarus. Iniciat\u012bvu kop\u012bgi organiz\u0113 Eiropas Komisija, Ukrainas Digit\u0101l\u0101s p\u0101rveides ministrija un <i>DigitalEurope<\/i> (Eiropas organiz\u0101cija, kas p\u0101rst\u0101v digit\u0101lo tehnolo\u0123iju nozari).<\/p>\n<p class=\"p1\"><strong>Iniciat\u012bvas \u201cKl\u0113pjdatori Ukrainai\u201d m\u0113r\u0137is ir sav\u0101kt un pieg\u0101d\u0101t kl\u0113pjdatorus, viedt\u0101lru\u0146us un plan\u0161etdatorus, t\u0101d\u0113j\u0101di apmierinot skolu, slimn\u012bcu un valsts p\u0101rvaldes iest\u0101\u017eu pamatvajadz\u012bbas kara visvair\u0101k skartajos Ukrainas re\u0123ionos.\u00a0<\/strong><\/p>\n<p class=\"p1\">Sav\u0101k\u0161anas centri ir izvietoti viscaur Eiropas Savien\u012bbas dal\u012bbvalst\u012bs, bet m\u0113s esam pirmie, kas \u0161\u0101du centru atv\u0113ru\u0161i Latvij\u0101.<\/p>\n<p class=\"p1\" style=\"text-align: left;\">Ja jums ir darba k\u0101rt\u012bb\u0101 eso\u0161a(-as) ier\u012bce(-es),\u00a0 ko v\u0113laties ziedot \u0161im m\u0113r\u0137im, nog\u0101d\u0101jiet to\/t\u0101s m\u016bsu sav\u0101k\u0161anas punkt\u0101\u00a0 <strong>R\u012bg\u0101, Ventspils iel\u0101 50, K- 3<\/strong><\/p>\n<p class=\"p1\" style=\"text-align: left;\"><strong>NOLIKTAVAS DARBA LAIKS\u00a0<\/strong><\/p>\n<p class=\"p1\" style=\"text-align: left;\">No pirmdienas l\u012bdz sestdienai no plkst. 10.00 l\u012bdz plkst. 18.00; sv\u0113tdien sl\u0113gts.<\/p>\n<h5 class=\"p1\" style=\"text-align: left;\"><strong>Svar\u012bga inform\u0101cija par ier\u012bc\u0113m:<\/strong><\/h5>\n<ul class=\"ul1\">\n<li class=\"li1\" style=\"text-align: left;\">ier\u012bcei(-\u0113m), pats par sevi saprotams, j\u0101b\u016bt piln\u012bg\u0101 darba k\u0101rt\u012bb\u0101;<\/li>\n<li class=\"li1\" style=\"text-align: left;\">tas noz\u012bm\u0113, ka kl\u0113pjdatoriem labi j\u0101darbojas ar\u012b baterijai, ekr\u0101nam un tastat\u016brai\/sk\u0101rienpaliktnim;<\/li>\n<li class=\"li1\" style=\"text-align: left;\">t\u0101lru\u0146iem un cit\u0101m ier\u012bc\u0113m ar sk\u0101rienjut\u012bgu ekr\u0101nu labi j\u0101darbojas gan baterijai, gan ekr\u0101nam;<\/li>\n<li class=\"li1\" style=\"text-align: left;\">ja jums ir l\u0101d\u0113t\u0101js, \u0146emiet l\u012bdzi ar\u012b to;<\/li>\n<li class=\"li1\" style=\"text-align: left;\">pirms ier\u012bces ziedo\u0161anas no t\u0101s izdz\u0113siet visu person\u012bgo\/sensit\u012bvo inform\u0101ciju!<\/li>\n<\/ul>\n<p>&nbsp;<\/p>\n<p class=\"p1\" style=\"text-align: right;\">Jaut\u0101jumu gad\u012bjum\u0101 l\u016bdzam sazin\u0101ties:<\/p>\n<p class=\"p1\" style=\"text-align: right;\">+371 26554194 ( Ren\u0101te )<\/p>\n<p class=\"p1\" style=\"text-align: right;\">renate@www.tavidraugi.lv<\/p>\n<p class=\"p1\" style=\"text-align: right;\">\n","protected":false},"excerpt":{"rendered":"<p>Kas ir iniciat\u012bva KL\u0112PJDATORI UKRAINAI? Biedr\u012bba \u201cTavi draugi\u201d ir izveidojusi sadarb\u012bbu ar BEREC biroju, kas ir vien\u012bg\u0101 ES a\u0123ent\u016bra, kuras galven\u0101 m\u012btne atrodas Latvij\u0101. \u0160\u012b a\u0123ent\u016bra str\u0101d\u0101 elektronisko sakaru jom\u0101 Eiropas Savien\u012bb\u0101 un kop\u0101 ar biedr\u012bbu piedal\u0101s iniciat\u012bv\u0101 \u201cKl\u0113pjdatori Ukrainai\u201d (Laptops for Ukraine), lai pal\u012bdz\u0113tu Ukrainai saglab\u0101t sakarus. Iniciat\u012bvu kop\u012bgi organiz\u0113 Eiropas Komisija, Ukrainas Digit\u0101l\u0101s [&hellip;]<\/p>\n","protected":false},"author":2,"featured_media":0,"parent":0,"menu_order":0,"comment_status":"closed","ping_status":"closed","template":"","meta":{"_acf_changed":false,"footnotes":""},"class_list":["post-2467","page","type-page","status-publish","hentry"],"acf":[],"yoast_head":"<!-- This site is optimized with the Yoast SEO plugin v25.8 - https:\/\/yoast.com\/wordpress\/plugins\/seo\/ -->\n<title>Kl\u0113pjdatori Ukrainai - Tavi Draugi<\/title>\n<meta name=\"robots\" content=\"index, follow, max-snippet:-1, max-image-preview:large, max-video-preview:-1\" \/>\n<link rel=\"canonical\" href=\"https:\/\/www.tavidraugi.lv\/uk\/klepjdatori-ukrainai-2\/\" \/>\n<meta property=\"og:locale\" content=\"uk_UA\" \/>\n<meta property=\"og:type\" content=\"article\" \/>\n<meta property=\"og:title\" content=\"Kl\u0113pjdatori Ukrainai - Tavi Draugi\" \/>\n<meta property=\"og:description\" content=\"Kas ir iniciat\u012bva KL\u0112PJDATORI UKRAINAI? Biedr\u012bba \u201cTavi draugi\u201d ir izveidojusi sadarb\u012bbu ar BEREC biroju, kas ir vien\u012bg\u0101 ES a\u0123ent\u016bra, kuras galven\u0101 m\u012btne atrodas Latvij\u0101. \u0160\u012b a\u0123ent\u016bra str\u0101d\u0101 elektronisko sakaru jom\u0101 Eiropas Savien\u012bb\u0101 un kop\u0101 ar biedr\u012bbu piedal\u0101s iniciat\u012bv\u0101 \u201cKl\u0113pjdatori Ukrainai\u201d (Laptops for Ukraine), lai pal\u012bdz\u0113tu Ukrainai saglab\u0101t sakarus. Iniciat\u012bvu kop\u012bgi organiz\u0113 Eiropas Komisija, Ukrainas Digit\u0101l\u0101s [&hellip;]\" \/>\n<meta property=\"og:url\" content=\"https:\/\/www.tavidraugi.lv\/uk\/klepjdatori-ukrainai-2\/\" \/>\n<meta property=\"og:site_name\" content=\"Tavi Draugi\" \/>\n<meta property=\"article:modified_time\" content=\"2023-11-02T10:47:59+00:00\" \/>\n<meta name=\"twitter:card\" content=\"summary_large_image\" \/>\n<meta name=\"twitter:label1\" content=\"\u041f\u0440\u0438\u0431\u043b. \u0447\u0430\u0441 \u0447\u0438\u0442\u0430\u043d\u043d\u044f\" \/>\n\t<meta name=\"twitter:data1\" content=\"2 \u0445\u0432\u0438\u043b\u0438\u043d\u0438\" \/>\n<script type=\"application\/ld+json\" class=\"yoast-schema-graph\">{\"@context\":\"https:\/\/schema.org\",\"@graph\":[{\"@type\":\"WebPage\",\"@id\":\"https:\/\/www.tavidraugi.lv\/uk\/klepjdatori-ukrainai-2\/\",\"url\":\"https:\/\/www.tavidraugi.lv\/uk\/klepjdatori-ukrainai-2\/\",\"name\":\"Kl\u0113pjdatori Ukrainai - Tavi Draugi\",\"isPartOf\":{\"@id\":\"https:\/\/www.tavidraugi.lv\/uk\/#website\"},\"datePublished\":\"2023-11-02T10:47:22+00:00\",\"dateModified\":\"2023-11-02T10:47:59+00:00\",\"inLanguage\":\"uk\",\"potentialAction\":[{\"@type\":\"ReadAction\",\"target\":[\"https:\/\/www.tavidraugi.lv\/uk\/klepjdatori-ukrainai-2\/\"]}]},{\"@type\":\"WebSite\",\"@id\":\"https:\/\/www.tavidraugi.lv\/uk\/#website\",\"url\":\"https:\/\/www.tavidraugi.lv\/uk\/\",\"name\":\"Tavi Draugi\",\"description\":\"Labdar\u012bbas Biedr\u012bba\",\"publisher\":{\"@id\":\"https:\/\/www.tavidraugi.lv\/uk\/#organization\"},\"potentialAction\":[{\"@type\":\"SearchAction\",\"target\":{\"@type\":\"EntryPoint\",\"urlTemplate\":\"https:\/\/www.tavidraugi.lv\/uk\/?s={search_term_string}\"},\"query-input\":{\"@type\":\"PropertyValueSpecification\",\"valueRequired\":true,\"valueName\":\"search_term_string\"}}],\"inLanguage\":\"uk\"},{\"@type\":\"Organization\",\"@id\":\"https:\/\/www.tavidraugi.lv\/uk\/#organization\",\"name\":\"Tavi Draugi\",\"url\":\"https:\/\/www.tavidraugi.lv\/uk\/\",\"logo\":{\"@type\":\"ImageObject\",\"inLanguage\":\"uk\",\"@id\":\"https:\/\/www.tavidraugi.lv\/uk\/#\/schema\/logo\/image\/\",\"url\":\"https:\/\/www.tavidraugi.lv\/wp-content\/uploads\/2023\/09\/logo.webp\",\"contentUrl\":\"https:\/\/www.tavidraugi.lv\/wp-content\/uploads\/2023\/09\/logo.webp\",\"width\":592,\"height\":592,\"caption\":\"Tavi Draugi\"},\"image\":{\"@id\":\"https:\/\/www.tavidraugi.lv\/uk\/#\/schema\/logo\/image\/\"}}]}<\/script>\n<!-- \/ Yoast SEO plugin. -->","yoast_head_json":{"title":"Kl\u0113pjdatori Ukrainai - Tavi Draugi","robots":{"index":"index","follow":"follow","max-snippet":"max-snippet:-1","max-image-preview":"max-image-preview:large","max-video-preview":"max-video-preview:-1"},"canonical":"https:\/\/www.tavidraugi.lv\/uk\/klepjdatori-ukrainai-2\/","og_locale":"uk_UA","og_type":"article","og_title":"Kl\u0113pjdatori Ukrainai - Tavi Draugi","og_description":"Kas ir iniciat\u012bva KL\u0112PJDATORI UKRAINAI? Biedr\u012bba \u201cTavi draugi\u201d ir izveidojusi sadarb\u012bbu ar BEREC biroju, kas ir vien\u012bg\u0101 ES a\u0123ent\u016bra, kuras galven\u0101 m\u012btne atrodas Latvij\u0101. \u0160\u012b a\u0123ent\u016bra str\u0101d\u0101 elektronisko sakaru jom\u0101 Eiropas Savien\u012bb\u0101 un kop\u0101 ar biedr\u012bbu piedal\u0101s iniciat\u012bv\u0101 \u201cKl\u0113pjdatori Ukrainai\u201d (Laptops for Ukraine), lai pal\u012bdz\u0113tu Ukrainai saglab\u0101t sakarus. Iniciat\u012bvu kop\u012bgi organiz\u0113 Eiropas Komisija, Ukrainas Digit\u0101l\u0101s [&hellip;]","og_url":"https:\/\/www.tavidraugi.lv\/uk\/klepjdatori-ukrainai-2\/","og_site_name":"Tavi Draugi","article_modified_time":"2023-11-02T10:47:59+00:00","twitter_card":"summary_large_image","twitter_misc":{"\u041f\u0440\u0438\u0431\u043b. \u0447\u0430\u0441 \u0447\u0438\u0442\u0430\u043d\u043d\u044f":"2 \u0445\u0432\u0438\u043b\u0438\u043d\u0438"},"schema":{"@context":"https:\/\/schema.org","@graph":[{"@type":"WebPage","@id":"https:\/\/www.tavidraugi.lv\/uk\/klepjdatori-ukrainai-2\/","url":"https:\/\/www.tavidraugi.lv\/uk\/klepjdatori-ukrainai-2\/","name":"Kl\u0113pjdatori Ukrainai - Tavi Draugi","isPartOf":{"@id":"https:\/\/www.tavidraugi.lv\/uk\/#website"},"datePublished":"2023-11-02T10:47:22+00:00","dateModified":"2023-11-02T10:47:59+00:00","inLanguage":"uk","potentialAction":[{"@type":"ReadAction","target":["https:\/\/www.tavidraugi.lv\/uk\/klepjdatori-ukrainai-2\/"]}]},{"@type":"WebSite","@id":"https:\/\/www.tavidraugi.lv\/uk\/#website","url":"https:\/\/www.tavidraugi.lv\/uk\/","name":"Tavi Draugi","description":"Labdar\u012bbas Biedr\u012bba","publisher":{"@id":"https:\/\/www.tavidraugi.lv\/uk\/#organization"},"potentialAction":[{"@type":"SearchAction","target":{"@type":"EntryPoint","urlTemplate":"https:\/\/www.tavidraugi.lv\/uk\/?s={search_term_string}"},"query-input":{"@type":"PropertyValueSpecification","valueRequired":true,"valueName":"search_term_string"}}],"inLanguage":"uk"},{"@type":"Organization","@id":"https:\/\/www.tavidraugi.lv\/uk\/#organization","name":"Tavi Draugi","url":"https:\/\/www.tavidraugi.lv\/uk\/","logo":{"@type":"ImageObject","inLanguage":"uk","@id":"https:\/\/www.tavidraugi.lv\/uk\/#\/schema\/logo\/image\/","url":"https:\/\/www.tavidraugi.lv\/wp-content\/uploads\/2023\/09\/logo.webp","contentUrl":"https:\/\/www.tavidraugi.lv\/wp-content\/uploads\/2023\/09\/logo.webp","width":592,"height":592,"caption":"Tavi Draugi"},"image":{"@id":"https:\/\/www.tavidraugi.lv\/uk\/#\/schema\/logo\/image\/"}}]}},"_links":{"self":[{"href":"https:\/\/www.tavidraugi.lv\/uk\/wp-json\/wp\/v2\/pages\/2467","targetHints":{"allow":["GET"]}}],"collection":[{"href":"https:\/\/www.tavidraugi.lv\/uk\/wp-json\/wp\/v2\/pages"}],"about":[{"href":"https:\/\/www.tavidraugi.lv\/uk\/wp-json\/wp\/v2\/types\/page"}],"author":[{"embeddable":true,"href":"https:\/\/www.tavidraugi.lv\/uk\/wp-json\/wp\/v2\/users\/2"}],"replies":[{"embeddable":true,"href":"https:\/\/www.tavidraugi.lv\/uk\/wp-json\/wp\/v2\/comments?post=2467"}],"version-history":[{"count":0,"href":"https:\/\/www.tavidraugi.lv\/uk\/wp-json\/wp\/v2\/pages\/2467\/revisions"}],"wp:attachment":[{"href":"https:\/\/www.tavidraugi.lv\/uk\/wp-json\/wp\/v2\/media?parent=2467"}],"curies":[{"name":"wp","href":"https:\/\/api.w.org\/{rel}","templated":true}]}}