{"id":2325,"date":"2023-10-23T14:46:58","date_gmt":"2023-10-23T14:46:58","guid":{"rendered":"https:\/\/www.tavidraugi.lv\/1991-2\/"},"modified":"2023-11-02T10:01:48","modified_gmt":"2023-11-02T10:01:48","slug":"1991-2","status":"publish","type":"page","link":"https:\/\/www.tavidraugi.lv\/uk\/1991-2\/","title":{"rendered":""},"content":{"rendered":"<p style=\"text-align: left;\" align=\"JUSTIFY\"><span style=\"color: #000000;\"><span style=\"font-family: Times New Roman, serif;\"><span style=\"font-size: medium;\">Kop\u0161 pasauli satricin\u0101jis krievijas iebrukums Ukrain\u0101, Biedr\u012bba \u201cTavi draugi\u201d ar br\u012bvpr\u0101t\u012bgo pal\u012bdz\u012bbu un ziedot\u0101ju atbalstu veic hum\u0101n\u0101s pal\u012bdz\u012bbas snieg\u0161anu Ukrainai un t\u0101s valstspieder\u012bgajiem Latvij\u0101. Ta\u010du m\u016bsu darbs nav s\u0101cies 24.02.2022, biedr\u012bba dibin\u0101ta 2013.gad\u0101 un l\u012bdz \u0161im katru gadu <\/span><\/span><\/span><span style=\"color: #000000;\"><span style=\"font-family: Times New Roman, serif;\"><span style=\"font-size: medium;\">Ziemassv\u0113tku laik\u0101 apciemojam <\/span><\/span><\/span><span style=\"color: #000000;\"><span style=\"font-family: Times New Roman, serif;\"><span style=\"font-size: medium;\"><b>20-25 tr\u016bc\u012bg\u0101s \u0123imenes<\/b><\/span><\/span><\/span><span style=\"color: #000000;\"><span style=\"font-family: Times New Roman, serif;\"><span style=\"font-size: medium;\"> un vientu\u013cos pension\u0101rus Tukuma rajon\u0101, <\/span><\/span><\/span><span style=\"color: #000000;\"><span style=\"font-family: Times New Roman, serif;\"><span style=\"font-size: medium;\">iepriecinot <\/span><\/span><\/span><span style=\"color: #000000;\"><span style=\"font-family: Times New Roman, serif;\"><span style=\"font-size: medium;\"><b>80-100 cilv\u0113ku<\/b><\/span><\/span><\/span><span style=\"color: #000000;\"><span style=\"font-family: Times New Roman, serif;\"><span style=\"font-size: medium;\">.<\/span><\/span><\/span><\/p>\n<p style=\"text-align: left;\"><span style=\"color: #000000;\"><span style=\"font-family: Times New Roman, serif;\"><span style=\"font-size: medium;\">Kop\u0161 26.02.2022 esam akt\u012bvi iesaist\u012bju\u0161ies Ukrainas iedz\u012bvot\u0101ju atbalst\u012b\u0161an\u0101 gan Latvij\u0101, gan Ukrain\u0101, gan uz da\u017e\u0101du valstu robe\u017e\u0101m. S\u0101kotn\u0113ji ar vieglaj\u0101m automa\u0161\u012bn\u0101m un pasa\u017eieru busiem nog\u0101d\u0101j\u0101m hum\u0101no pal\u012bdz\u012bbu uz Ukrainas\/Polijas robe\u017e\u0101m, lai cilv\u0113ki, kuri st\u0101v garaj\u0101s rind\u0101s, var\u0113tu sasild\u012bties un sa\u0146emt siltu malt\u012bti. Paral\u0113li tam, braucot atpaka\u013c, uz Latviju tika nog\u0101d\u0101ti ukrai\u0146i, kuri pameta Ukrainu. Kop\u0101 uz Latviju <\/span><\/span><\/span><span style=\"color: #000000;\"><span style=\"font-family: Times New Roman, serif;\"><span style=\"font-size: medium;\"><b>esam nog\u0101d\u0101ju\u0161i apm. 5000 ukrai\u0146u<\/b><\/span><\/span><\/span><span style=\"color: #000000;\"><span style=\"font-family: Times New Roman, serif;\"><span style=\"font-size: medium;\">. Kad b\u0113g\u013cu pl\u016bsmas uz robe\u017e\u0101m samazin\u0101j\u0101s, main\u012bj\u0101m darb\u012bbas fokusu uz lielapjoma kravu komplekt\u0113\u0161anu, vedot hum\u0101no pal\u012bdz\u012bbu uz smag\u0101k skartaj\u0101m teritorij\u0101m. <\/span><\/span><\/span><span style=\"color: #000000;\"><span style=\"font-family: Times New Roman, serif;\"><span style=\"font-size: medium;\">Kopum\u0101 pa \u0161o laiku <\/span><\/span><\/span><span style=\"color: #000000;\"><span style=\"font-family: Times New Roman, serif;\"><span style=\"font-size: medium;\"><b>esam nos\u016bt\u012bju\u0161i hum\u0101no pal\u012bdz\u012bbu aptuveni 5mlj. EUR v\u0113rt\u012bb\u0101<\/b><\/span><\/span><\/span><span style=\"color: #000000;\"><span style=\"font-family: Times New Roman, serif;\"><span style=\"font-size: medium;\">, aptuveni <\/span><\/span><\/span><span style=\"color: #000000;\"><span style=\"font-family: Times New Roman, serif;\"><span style=\"font-size: medium;\"><b>10000m3<\/b><\/span><\/span><\/span><span style=\"color: #000000;\"><span style=\"font-family: Times New Roman, serif;\"><span style=\"font-size: medium;\"> apm\u0113r\u0101.<\/span><\/span><\/span><\/p>\n<p style=\"text-align: left;\"><span style=\"color: #000000;\"><span style=\"font-family: Times New Roman, serif;\"><span style=\"font-size: medium;\">Biedr\u012bbas \u201cTavi draugi\u201d hum\u0101n\u0101s pal\u012bdz\u012bbas punkt\u0101 R\u012bg\u0101, Ventspils iel\u0101 50, notiek ziedojumu pie\u0146em\u0161ana, to \u0161\u0137iro\u0161ana un hum\u0101n\u0101s pal\u012bdz\u012bbas izsnieg\u0161ana gan uz vietas, gan kravu komplekt\u0113\u0161ana nos\u016bt\u012b\u0161anai uz Ukrainu. \u0160eit pirm\u0101s nepiecie\u0161am\u012bbas lietas (ap\u0123\u0113rbs, higi\u0113nas produkti, p\u0101rtika u.c. sadz\u012bves un m\u0101jsaimniec\u012bbas preces) kopum\u0101 izsniegtas jau <\/span><\/span><\/span><span style=\"color: #000000;\"><span style=\"font-family: Times New Roman, serif;\"><span style=\"font-size: medium;\"><b>vair\u0101k nek\u0101 27 000 rei\u017eu, Ukrainas kara b\u0113g\u013ciem<\/b><\/span><\/span><\/span><span style=\"color: #000000;\"><span style=\"font-family: Times New Roman, serif;\"><span style=\"font-size: medium;\">. Kop\u0161 oktobra, savu atbalstu b\u0113g\u013ciem sniedzam ar\u012b uz Latvijas \u2013 krievijas robe\u017eas, kur sagaid\u0101m cilv\u0113kus, kuri stund\u0101m gaid\u012bju\u0161i krievijas pus\u0113, lai tiktu ielaisti Latvij\u0101. Atbalstam ukrai\u0146us, sniedzot siltu malt\u012bti, dz\u0113rienus, sausas dr\u0113bes, internetu, iesp\u0113ju izgul\u0113ties, k\u0101 ar\u012b inform\u0101ciju par vi\u0146u n\u0101kamo galam\u0113r\u0137i. <\/span><\/span><\/span><span style=\"color: #000000;\"><span style=\"font-family: Times New Roman, serif;\"><span style=\"font-size: medium;\">Kopum\u0101 kop\u0161 atbalsta snieg\u0161anas uzs\u0101k\u0161anas uz <\/span><\/span><\/span><span style=\"color: #000000;\"><span style=\"font-family: Times New Roman, serif;\"><span style=\"font-size: medium;\"><b>robe\u017epunktiem, esam pal\u012bdz\u0113ju\u0161i vair\u0101k k\u0101 45 000 ukrai\u0146u b\u0113g\u013cu.<\/b><\/span><\/span><\/span><\/p>\n<p>\u00a0 \u00a0 \u00a0 \u00a0 \u00a0 \u00a0 \u00a0 \u00a0 <img decoding=\"async\" class=\"alignnone wp-image-866\" src=\"https:\/\/www.tavidraugi.lv\/wp-content\/uploads\/2023\/03\/333999854_1153054348706272_8808439459123694429_n-300x225.jpg\" alt=\"\" width=\"229\" height=\"172\" srcset=\"https:\/\/www.tavidraugi.lv\/wp-content\/uploads\/2023\/03\/333999854_1153054348706272_8808439459123694429_n-300x225.jpg 300w, https:\/\/www.tavidraugi.lv\/wp-content\/uploads\/2023\/03\/333999854_1153054348706272_8808439459123694429_n-600x450.jpg 600w, https:\/\/www.tavidraugi.lv\/wp-content\/uploads\/2023\/03\/333999854_1153054348706272_8808439459123694429_n-1024x768.jpg 1024w, https:\/\/www.tavidraugi.lv\/wp-content\/uploads\/2023\/03\/333999854_1153054348706272_8808439459123694429_n-768x576.jpg 768w, https:\/\/www.tavidraugi.lv\/wp-content\/uploads\/2023\/03\/333999854_1153054348706272_8808439459123694429_n.jpg 1440w\" sizes=\"(max-width: 229px) 100vw, 229px\" \/> <img decoding=\"async\" class=\"alignnone wp-image-862\" src=\"https:\/\/www.tavidraugi.lv\/wp-content\/uploads\/2023\/03\/316170509_2372737652895466_1474703358925889624_n-300x225.jpg\" alt=\"\" width=\"228\" height=\"171\" srcset=\"https:\/\/www.tavidraugi.lv\/wp-content\/uploads\/2023\/03\/316170509_2372737652895466_1474703358925889624_n-300x225.jpg 300w, https:\/\/www.tavidraugi.lv\/wp-content\/uploads\/2023\/03\/316170509_2372737652895466_1474703358925889624_n-600x450.jpg 600w, https:\/\/www.tavidraugi.lv\/wp-content\/uploads\/2023\/03\/316170509_2372737652895466_1474703358925889624_n-1024x768.jpg 1024w, https:\/\/www.tavidraugi.lv\/wp-content\/uploads\/2023\/03\/316170509_2372737652895466_1474703358925889624_n-768x576.jpg 768w, https:\/\/www.tavidraugi.lv\/wp-content\/uploads\/2023\/03\/316170509_2372737652895466_1474703358925889624_n.jpg 1440w\" sizes=\"(max-width: 228px) 100vw, 228px\" \/> <img decoding=\"async\" class=\"alignnone wp-image-859\" src=\"https:\/\/www.tavidraugi.lv\/wp-content\/uploads\/2023\/03\/289552063_2246590538843512_5966010656089841169_n-300x200.jpg\" alt=\"\" width=\"254\" height=\"169\" srcset=\"https:\/\/www.tavidraugi.lv\/wp-content\/uploads\/2023\/03\/289552063_2246590538843512_5966010656089841169_n-300x200.jpg 300w, https:\/\/www.tavidraugi.lv\/wp-content\/uploads\/2023\/03\/289552063_2246590538843512_5966010656089841169_n-600x400.jpg 600w, https:\/\/www.tavidraugi.lv\/wp-content\/uploads\/2023\/03\/289552063_2246590538843512_5966010656089841169_n-1024x683.jpg 1024w, https:\/\/www.tavidraugi.lv\/wp-content\/uploads\/2023\/03\/289552063_2246590538843512_5966010656089841169_n-768x512.jpg 768w, https:\/\/www.tavidraugi.lv\/wp-content\/uploads\/2023\/03\/289552063_2246590538843512_5966010656089841169_n-1536x1024.jpg 1536w, https:\/\/www.tavidraugi.lv\/wp-content\/uploads\/2023\/03\/289552063_2246590538843512_5966010656089841169_n.jpg 2048w\" sizes=\"(max-width: 254px) 100vw, 254px\" \/><\/p>\n<p>&nbsp;<\/p>\n","protected":false},"excerpt":{"rendered":"<p>Kop\u0161 pasauli satricin\u0101jis krievijas iebrukums Ukrain\u0101, Biedr\u012bba \u201cTavi draugi\u201d ar br\u012bvpr\u0101t\u012bgo pal\u012bdz\u012bbu un ziedot\u0101ju atbalstu veic hum\u0101n\u0101s pal\u012bdz\u012bbas snieg\u0161anu Ukrainai un t\u0101s valstspieder\u012bgajiem Latvij\u0101. Ta\u010du m\u016bsu darbs nav s\u0101cies 24.02.2022, biedr\u012bba dibin\u0101ta 2013.gad\u0101 un l\u012bdz \u0161im katru gadu Ziemassv\u0113tku laik\u0101 apciemojam 20-25 tr\u016bc\u012bg\u0101s \u0123imenes un vientu\u013cos pension\u0101rus Tukuma rajon\u0101, iepriecinot 80-100 cilv\u0113ku. Kop\u0161 26.02.2022 esam [&hellip;]<\/p>\n","protected":false},"author":3,"featured_media":0,"parent":0,"menu_order":0,"comment_status":"closed","ping_status":"closed","template":"page-templates\/template-builder.php","meta":{"_acf_changed":false,"footnotes":""},"class_list":["post-2325","page","type-page","status-publish","hentry"],"acf":[],"yoast_head":"<!-- This site is optimized with the Yoast SEO plugin v25.8 - https:\/\/yoast.com\/wordpress\/plugins\/seo\/ -->\n<title>- Tavi Draugi<\/title>\n<meta name=\"robots\" content=\"index, follow, max-snippet:-1, max-image-preview:large, max-video-preview:-1\" \/>\n<link rel=\"canonical\" href=\"https:\/\/www.tavidraugi.lv\/uk\/1991-2\/\" \/>\n<meta property=\"og:locale\" content=\"uk_UA\" \/>\n<meta property=\"og:type\" content=\"article\" \/>\n<meta property=\"og:title\" content=\"- Tavi Draugi\" \/>\n<meta property=\"og:description\" content=\"Kop\u0161 pasauli satricin\u0101jis krievijas iebrukums Ukrain\u0101, Biedr\u012bba \u201cTavi draugi\u201d ar br\u012bvpr\u0101t\u012bgo pal\u012bdz\u012bbu un ziedot\u0101ju atbalstu veic hum\u0101n\u0101s pal\u012bdz\u012bbas snieg\u0161anu Ukrainai un t\u0101s valstspieder\u012bgajiem Latvij\u0101. Ta\u010du m\u016bsu darbs nav s\u0101cies 24.02.2022, biedr\u012bba dibin\u0101ta 2013.gad\u0101 un l\u012bdz \u0161im katru gadu Ziemassv\u0113tku laik\u0101 apciemojam 20-25 tr\u016bc\u012bg\u0101s \u0123imenes un vientu\u013cos pension\u0101rus Tukuma rajon\u0101, iepriecinot 80-100 cilv\u0113ku. Kop\u0161 26.02.2022 esam [&hellip;]\" \/>\n<meta property=\"og:url\" content=\"https:\/\/www.tavidraugi.lv\/uk\/1991-2\/\" \/>\n<meta property=\"og:site_name\" content=\"Tavi Draugi\" \/>\n<meta property=\"article:modified_time\" content=\"2023-11-02T10:01:48+00:00\" \/>\n<meta property=\"og:image\" content=\"https:\/\/www.tavidraugi.lv\/wp-content\/uploads\/2023\/03\/333999854_1153054348706272_8808439459123694429_n-300x225.jpg\" \/>\n<meta name=\"twitter:card\" content=\"summary_large_image\" \/>\n<script type=\"application\/ld+json\" class=\"yoast-schema-graph\">{\"@context\":\"https:\/\/schema.org\",\"@graph\":[{\"@type\":\"WebPage\",\"@id\":\"https:\/\/www.tavidraugi.lv\/uk\/1991-2\/\",\"url\":\"https:\/\/www.tavidraugi.lv\/uk\/1991-2\/\",\"name\":\"- Tavi Draugi\",\"isPartOf\":{\"@id\":\"https:\/\/www.tavidraugi.lv\/uk\/#website\"},\"primaryImageOfPage\":{\"@id\":\"https:\/\/www.tavidraugi.lv\/uk\/1991-2\/#primaryimage\"},\"image\":{\"@id\":\"https:\/\/www.tavidraugi.lv\/uk\/1991-2\/#primaryimage\"},\"thumbnailUrl\":\"https:\/\/www.tavidraugi.lv\/wp-content\/uploads\/2023\/03\/333999854_1153054348706272_8808439459123694429_n-300x225.jpg\",\"datePublished\":\"2023-10-23T14:46:58+00:00\",\"dateModified\":\"2023-11-02T10:01:48+00:00\",\"breadcrumb\":{\"@id\":\"https:\/\/www.tavidraugi.lv\/uk\/1991-2\/#breadcrumb\"},\"inLanguage\":\"uk\",\"potentialAction\":[{\"@type\":\"ReadAction\",\"target\":[\"https:\/\/www.tavidraugi.lv\/uk\/1991-2\/\"]}]},{\"@type\":\"ImageObject\",\"inLanguage\":\"uk\",\"@id\":\"https:\/\/www.tavidraugi.lv\/uk\/1991-2\/#primaryimage\",\"url\":\"https:\/\/www.tavidraugi.lv\/wp-content\/uploads\/2023\/03\/333999854_1153054348706272_8808439459123694429_n-300x225.jpg\",\"contentUrl\":\"https:\/\/www.tavidraugi.lv\/wp-content\/uploads\/2023\/03\/333999854_1153054348706272_8808439459123694429_n-300x225.jpg\"},{\"@type\":\"BreadcrumbList\",\"@id\":\"https:\/\/www.tavidraugi.lv\/uk\/1991-2\/#breadcrumb\",\"itemListElement\":[]},{\"@type\":\"WebSite\",\"@id\":\"https:\/\/www.tavidraugi.lv\/uk\/#website\",\"url\":\"https:\/\/www.tavidraugi.lv\/uk\/\",\"name\":\"Tavi Draugi\",\"description\":\"Labdar\u012bbas Biedr\u012bba\",\"publisher\":{\"@id\":\"https:\/\/www.tavidraugi.lv\/uk\/#organization\"},\"potentialAction\":[{\"@type\":\"SearchAction\",\"target\":{\"@type\":\"EntryPoint\",\"urlTemplate\":\"https:\/\/www.tavidraugi.lv\/uk\/?s={search_term_string}\"},\"query-input\":{\"@type\":\"PropertyValueSpecification\",\"valueRequired\":true,\"valueName\":\"search_term_string\"}}],\"inLanguage\":\"uk\"},{\"@type\":\"Organization\",\"@id\":\"https:\/\/www.tavidraugi.lv\/uk\/#organization\",\"name\":\"Tavi Draugi\",\"url\":\"https:\/\/www.tavidraugi.lv\/uk\/\",\"logo\":{\"@type\":\"ImageObject\",\"inLanguage\":\"uk\",\"@id\":\"https:\/\/www.tavidraugi.lv\/uk\/#\/schema\/logo\/image\/\",\"url\":\"https:\/\/www.tavidraugi.lv\/wp-content\/uploads\/2023\/09\/logo.webp\",\"contentUrl\":\"https:\/\/www.tavidraugi.lv\/wp-content\/uploads\/2023\/09\/logo.webp\",\"width\":592,\"height\":592,\"caption\":\"Tavi Draugi\"},\"image\":{\"@id\":\"https:\/\/www.tavidraugi.lv\/uk\/#\/schema\/logo\/image\/\"}}]}<\/script>\n<!-- \/ Yoast SEO plugin. -->","yoast_head_json":{"title":"- Tavi Draugi","robots":{"index":"index","follow":"follow","max-snippet":"max-snippet:-1","max-image-preview":"max-image-preview:large","max-video-preview":"max-video-preview:-1"},"canonical":"https:\/\/www.tavidraugi.lv\/uk\/1991-2\/","og_locale":"uk_UA","og_type":"article","og_title":"- Tavi Draugi","og_description":"Kop\u0161 pasauli satricin\u0101jis krievijas iebrukums Ukrain\u0101, Biedr\u012bba \u201cTavi draugi\u201d ar br\u012bvpr\u0101t\u012bgo pal\u012bdz\u012bbu un ziedot\u0101ju atbalstu veic hum\u0101n\u0101s pal\u012bdz\u012bbas snieg\u0161anu Ukrainai un t\u0101s valstspieder\u012bgajiem Latvij\u0101. Ta\u010du m\u016bsu darbs nav s\u0101cies 24.02.2022, biedr\u012bba dibin\u0101ta 2013.gad\u0101 un l\u012bdz \u0161im katru gadu Ziemassv\u0113tku laik\u0101 apciemojam 20-25 tr\u016bc\u012bg\u0101s \u0123imenes un vientu\u013cos pension\u0101rus Tukuma rajon\u0101, iepriecinot 80-100 cilv\u0113ku. Kop\u0161 26.02.2022 esam [&hellip;]","og_url":"https:\/\/www.tavidraugi.lv\/uk\/1991-2\/","og_site_name":"Tavi Draugi","article_modified_time":"2023-11-02T10:01:48+00:00","og_image":[{"url":"https:\/\/www.tavidraugi.lv\/wp-content\/uploads\/2023\/03\/333999854_1153054348706272_8808439459123694429_n-300x225.jpg","type":"","width":"","height":""}],"twitter_card":"summary_large_image","schema":{"@context":"https:\/\/schema.org","@graph":[{"@type":"WebPage","@id":"https:\/\/www.tavidraugi.lv\/uk\/1991-2\/","url":"https:\/\/www.tavidraugi.lv\/uk\/1991-2\/","name":"- Tavi Draugi","isPartOf":{"@id":"https:\/\/www.tavidraugi.lv\/uk\/#website"},"primaryImageOfPage":{"@id":"https:\/\/www.tavidraugi.lv\/uk\/1991-2\/#primaryimage"},"image":{"@id":"https:\/\/www.tavidraugi.lv\/uk\/1991-2\/#primaryimage"},"thumbnailUrl":"https:\/\/www.tavidraugi.lv\/wp-content\/uploads\/2023\/03\/333999854_1153054348706272_8808439459123694429_n-300x225.jpg","datePublished":"2023-10-23T14:46:58+00:00","dateModified":"2023-11-02T10:01:48+00:00","breadcrumb":{"@id":"https:\/\/www.tavidraugi.lv\/uk\/1991-2\/#breadcrumb"},"inLanguage":"uk","potentialAction":[{"@type":"ReadAction","target":["https:\/\/www.tavidraugi.lv\/uk\/1991-2\/"]}]},{"@type":"ImageObject","inLanguage":"uk","@id":"https:\/\/www.tavidraugi.lv\/uk\/1991-2\/#primaryimage","url":"https:\/\/www.tavidraugi.lv\/wp-content\/uploads\/2023\/03\/333999854_1153054348706272_8808439459123694429_n-300x225.jpg","contentUrl":"https:\/\/www.tavidraugi.lv\/wp-content\/uploads\/2023\/03\/333999854_1153054348706272_8808439459123694429_n-300x225.jpg"},{"@type":"BreadcrumbList","@id":"https:\/\/www.tavidraugi.lv\/uk\/1991-2\/#breadcrumb","itemListElement":[]},{"@type":"WebSite","@id":"https:\/\/www.tavidraugi.lv\/uk\/#website","url":"https:\/\/www.tavidraugi.lv\/uk\/","name":"Tavi Draugi","description":"Labdar\u012bbas Biedr\u012bba","publisher":{"@id":"https:\/\/www.tavidraugi.lv\/uk\/#organization"},"potentialAction":[{"@type":"SearchAction","target":{"@type":"EntryPoint","urlTemplate":"https:\/\/www.tavidraugi.lv\/uk\/?s={search_term_string}"},"query-input":{"@type":"PropertyValueSpecification","valueRequired":true,"valueName":"search_term_string"}}],"inLanguage":"uk"},{"@type":"Organization","@id":"https:\/\/www.tavidraugi.lv\/uk\/#organization","name":"Tavi Draugi","url":"https:\/\/www.tavidraugi.lv\/uk\/","logo":{"@type":"ImageObject","inLanguage":"uk","@id":"https:\/\/www.tavidraugi.lv\/uk\/#\/schema\/logo\/image\/","url":"https:\/\/www.tavidraugi.lv\/wp-content\/uploads\/2023\/09\/logo.webp","contentUrl":"https:\/\/www.tavidraugi.lv\/wp-content\/uploads\/2023\/09\/logo.webp","width":592,"height":592,"caption":"Tavi Draugi"},"image":{"@id":"https:\/\/www.tavidraugi.lv\/uk\/#\/schema\/logo\/image\/"}}]}},"_links":{"self":[{"href":"https:\/\/www.tavidraugi.lv\/uk\/wp-json\/wp\/v2\/pages\/2325","targetHints":{"allow":["GET"]}}],"collection":[{"href":"https:\/\/www.tavidraugi.lv\/uk\/wp-json\/wp\/v2\/pages"}],"about":[{"href":"https:\/\/www.tavidraugi.lv\/uk\/wp-json\/wp\/v2\/types\/page"}],"author":[{"embeddable":true,"href":"https:\/\/www.tavidraugi.lv\/uk\/wp-json\/wp\/v2\/users\/3"}],"replies":[{"embeddable":true,"href":"https:\/\/www.tavidraugi.lv\/uk\/wp-json\/wp\/v2\/comments?post=2325"}],"version-history":[{"count":0,"href":"https:\/\/www.tavidraugi.lv\/uk\/wp-json\/wp\/v2\/pages\/2325\/revisions"}],"wp:attachment":[{"href":"https:\/\/www.tavidraugi.lv\/uk\/wp-json\/wp\/v2\/media?parent=2325"}],"curies":[{"name":"wp","href":"https:\/\/api.w.org\/{rel}","templated":true}]}}