{"id":2371,"date":"2023-02-21T11:10:08","date_gmt":"2023-02-21T11:10:08","guid":{"rendered":"https:\/\/www.tavidraugi.lv\/sif-projekti\/kopa-ir-speks\/"},"modified":"2023-11-02T10:16:27","modified_gmt":"2023-11-02T10:16:27","slug":"kopa-ir-speks","status":"publish","type":"page","link":"https:\/\/www.tavidraugi.lv\/ru\/sif-projekti\/kopa-ir-speks\/","title":{"rendered":"Kop\u0101 ir sp\u0113ks!"},"content":{"rendered":"<p>Projekta \u201cKop\u0101 ir sp\u0113ks!\u201d m\u0113r\u0137is ir stiprin\u0101t BDR \u201cTavi draugi\u201d \u012bstenot\u0101s br\u012bvpr\u0101t\u012bg\u0101 darba aktivit\u0101tes, kas v\u0113rstas uz pal\u012bdz\u012bbas snieg\u0161anas organiz\u0113\u0161anu un nodro\u0161in\u0101\u0161anu iedz\u012bvot\u0101jiem, saist\u012bb\u0101 ar Ukrainas kara izrais\u012bto kr\u012bzes situ\u0101ciju.<\/p>\n<p>Projekta \u012bsteno\u0161anas laiks ir no 15.03.-31.07.2022.<\/p>\n<p>Projekta ietvaros tiks veikta br\u012bvpr\u0101t\u012bg\u0101 darba koordin\u0113\u0161ana un populariz\u0113\u0161ana, nodro\u0161inot atalgojumu 2 koordinatoriem, kas veic hum\u0101no kravu pieg\u0101\u017eu koordin\u0113\u0161anu un ziedojumu apstr\u0101des u.c. nepiecie\u0161am\u0101 atbalsta procesu koordin\u0113\u0161anu.<\/p>\n<p>Projekta m\u0113r\u0137grupa un pl\u0101notais iesaist\u012bto br\u012bvpr\u0101t\u012bgo skaits: vismaz 200 br\u012bvpr\u0101t\u012bg\u0101 darba veic\u0113ji, kas iesaist\u0101s pal\u012bdz\u012bbas snieg\u0161an\u0101 Ukrainas iedz\u012bvot\u0101jiem.<\/p>\n<p>Projekta attiecin\u0101m\u0101s izmaksas 9997,27 EUR, kur 100% no attiecin\u0101maj\u0101m izmaks\u0101m sedz Sabiedr\u012bbas integr\u0101cijas fonds.<\/p>\n<p>Projekta \u012bsteno\u0161anas vieta- visa Latvijas teritorija, ar galveno lo\u0123istikas centru R\u012bg\u0101, Ventspils iel\u0101 50<\/p>\n<p>&nbsp;<\/p>\n<p><img decoding=\"async\" class=\"aligncenter wp-image-736\" src=\"https:\/\/www.tavidraugi.lv\/wp-content\/uploads\/2023\/02\/SIF-LOGO-300x248.png\" alt=\"\" width=\"165\" height=\"136\" srcset=\"https:\/\/www.tavidraugi.lv\/wp-content\/uploads\/2023\/02\/SIF-LOGO-300x248.png 300w, https:\/\/www.tavidraugi.lv\/wp-content\/uploads\/2023\/02\/SIF-LOGO.png 482w\" sizes=\"(max-width: 165px) 100vw, 165px\" \/><\/p>\n<p style=\"text-align: center;\">\u201cPas\u0101kumu finansi\u0101li atbalsta Sabiedr\u012bbas integr\u0101cijas fonds no pie\u0161\u0137irtajiem Latvijas valsts bud\u017eeta l\u012bdzek\u013ciem.\u201d<\/p>\n<p>&nbsp;<\/p>\n","protected":false},"excerpt":{"rendered":"<p>Projekta \u201cKop\u0101 ir sp\u0113ks!\u201d m\u0113r\u0137is ir stiprin\u0101t BDR \u201cTavi draugi\u201d \u012bstenot\u0101s br\u012bvpr\u0101t\u012bg\u0101 darba aktivit\u0101tes, kas v\u0113rstas uz pal\u012bdz\u012bbas snieg\u0161anas organiz\u0113\u0161anu un nodro\u0161in\u0101\u0161anu iedz\u012bvot\u0101jiem, saist\u012bb\u0101 ar Ukrainas kara izrais\u012bto kr\u012bzes situ\u0101ciju. Projekta \u012bsteno\u0161anas laiks ir no 15.03.-31.07.2022. Projekta ietvaros tiks veikta br\u012bvpr\u0101t\u012bg\u0101 darba koordin\u0113\u0161ana un populariz\u0113\u0161ana, nodro\u0161inot atalgojumu 2 koordinatoriem, kas veic hum\u0101no kravu pieg\u0101\u017eu koordin\u0113\u0161anu [&hellip;]<\/p>\n","protected":false},"author":1,"featured_media":0,"parent":2362,"menu_order":0,"comment_status":"closed","ping_status":"closed","template":"","meta":{"_acf_changed":false,"footnotes":""},"class_list":["post-2371","page","type-page","status-publish","hentry"],"acf":[],"yoast_head":"<!-- This site is optimized with the Yoast SEO plugin v25.8 - https:\/\/yoast.com\/wordpress\/plugins\/seo\/ -->\n<title>Kop\u0101 ir sp\u0113ks! - Tavi Draugi<\/title>\n<meta name=\"robots\" content=\"index, follow, max-snippet:-1, max-image-preview:large, max-video-preview:-1\" \/>\n<link rel=\"canonical\" href=\"https:\/\/www.tavidraugi.lv\/ru\/sif-projekti\/kopa-ir-speks\/\" \/>\n<meta property=\"og:locale\" content=\"ru_RU\" \/>\n<meta property=\"og:type\" content=\"article\" \/>\n<meta property=\"og:title\" content=\"Kop\u0101 ir sp\u0113ks! - Tavi Draugi\" \/>\n<meta property=\"og:description\" content=\"Projekta \u201cKop\u0101 ir sp\u0113ks!\u201d m\u0113r\u0137is ir stiprin\u0101t BDR \u201cTavi draugi\u201d \u012bstenot\u0101s br\u012bvpr\u0101t\u012bg\u0101 darba aktivit\u0101tes, kas v\u0113rstas uz pal\u012bdz\u012bbas snieg\u0161anas organiz\u0113\u0161anu un nodro\u0161in\u0101\u0161anu iedz\u012bvot\u0101jiem, saist\u012bb\u0101 ar Ukrainas kara izrais\u012bto kr\u012bzes situ\u0101ciju. Projekta \u012bsteno\u0161anas laiks ir no 15.03.-31.07.2022. Projekta ietvaros tiks veikta br\u012bvpr\u0101t\u012bg\u0101 darba koordin\u0113\u0161ana un populariz\u0113\u0161ana, nodro\u0161inot atalgojumu 2 koordinatoriem, kas veic hum\u0101no kravu pieg\u0101\u017eu koordin\u0113\u0161anu [&hellip;]\" \/>\n<meta property=\"og:url\" content=\"https:\/\/www.tavidraugi.lv\/ru\/sif-projekti\/kopa-ir-speks\/\" \/>\n<meta property=\"og:site_name\" content=\"Tavi Draugi\" \/>\n<meta property=\"article:modified_time\" content=\"2023-11-02T10:16:27+00:00\" \/>\n<meta property=\"og:image\" content=\"https:\/\/www.tavidraugi.lv\/wp-content\/uploads\/2023\/02\/SIF-LOGO-300x248.png\" \/>\n<meta name=\"twitter:card\" content=\"summary_large_image\" \/>\n<meta name=\"twitter:label1\" content=\"\u041f\u0440\u0438\u043c\u0435\u0440\u043d\u043e\u0435 \u0432\u0440\u0435\u043c\u044f \u0434\u043b\u044f \u0447\u0442\u0435\u043d\u0438\u044f\" \/>\n\t<meta name=\"twitter:data1\" content=\"1 \u043c\u0438\u043d\u0443\u0442\u0430\" \/>\n<script type=\"application\/ld+json\" class=\"yoast-schema-graph\">{\"@context\":\"https:\/\/schema.org\",\"@graph\":[{\"@type\":\"WebPage\",\"@id\":\"https:\/\/www.tavidraugi.lv\/ru\/sif-projekti\/kopa-ir-speks\/\",\"url\":\"https:\/\/www.tavidraugi.lv\/ru\/sif-projekti\/kopa-ir-speks\/\",\"name\":\"Kop\u0101 ir sp\u0113ks! - Tavi Draugi\",\"isPartOf\":{\"@id\":\"https:\/\/www.tavidraugi.lv\/ru\/#website\"},\"primaryImageOfPage\":{\"@id\":\"https:\/\/www.tavidraugi.lv\/ru\/sif-projekti\/kopa-ir-speks\/#primaryimage\"},\"image\":{\"@id\":\"https:\/\/www.tavidraugi.lv\/ru\/sif-projekti\/kopa-ir-speks\/#primaryimage\"},\"thumbnailUrl\":\"https:\/\/www.tavidraugi.lv\/wp-content\/uploads\/2023\/02\/SIF-LOGO-300x248.png\",\"datePublished\":\"2023-02-21T11:10:08+00:00\",\"dateModified\":\"2023-11-02T10:16:27+00:00\",\"breadcrumb\":{\"@id\":\"https:\/\/www.tavidraugi.lv\/ru\/sif-projekti\/kopa-ir-speks\/#breadcrumb\"},\"inLanguage\":\"ru-RU\",\"potentialAction\":[{\"@type\":\"ReadAction\",\"target\":[\"https:\/\/www.tavidraugi.lv\/ru\/sif-projekti\/kopa-ir-speks\/\"]}]},{\"@type\":\"ImageObject\",\"inLanguage\":\"ru-RU\",\"@id\":\"https:\/\/www.tavidraugi.lv\/ru\/sif-projekti\/kopa-ir-speks\/#primaryimage\",\"url\":\"https:\/\/www.tavidraugi.lv\/wp-content\/uploads\/2023\/02\/SIF-LOGO-300x248.png\",\"contentUrl\":\"https:\/\/www.tavidraugi.lv\/wp-content\/uploads\/2023\/02\/SIF-LOGO-300x248.png\"},{\"@type\":\"BreadcrumbList\",\"@id\":\"https:\/\/www.tavidraugi.lv\/ru\/sif-projekti\/kopa-ir-speks\/#breadcrumb\",\"itemListElement\":[{\"@type\":\"ListItem\",\"position\":1,\"name\":\"SIF projekti\",\"item\":\"https:\/\/www.tavidraugi.lv\/ru\/?page_id=2362\"},{\"@type\":\"ListItem\",\"position\":2,\"name\":\"Kop\u0101 ir sp\u0113ks!\"}]},{\"@type\":\"WebSite\",\"@id\":\"https:\/\/www.tavidraugi.lv\/ru\/#website\",\"url\":\"https:\/\/www.tavidraugi.lv\/ru\/\",\"name\":\"Tavi Draugi\",\"description\":\"Labdar\u012bbas Biedr\u012bba\",\"publisher\":{\"@id\":\"https:\/\/www.tavidraugi.lv\/ru\/#organization\"},\"potentialAction\":[{\"@type\":\"SearchAction\",\"target\":{\"@type\":\"EntryPoint\",\"urlTemplate\":\"https:\/\/www.tavidraugi.lv\/ru\/?s={search_term_string}\"},\"query-input\":{\"@type\":\"PropertyValueSpecification\",\"valueRequired\":true,\"valueName\":\"search_term_string\"}}],\"inLanguage\":\"ru-RU\"},{\"@type\":\"Organization\",\"@id\":\"https:\/\/www.tavidraugi.lv\/ru\/#organization\",\"name\":\"Tavi Draugi\",\"url\":\"https:\/\/www.tavidraugi.lv\/ru\/\",\"logo\":{\"@type\":\"ImageObject\",\"inLanguage\":\"ru-RU\",\"@id\":\"https:\/\/www.tavidraugi.lv\/ru\/#\/schema\/logo\/image\/\",\"url\":\"https:\/\/www.tavidraugi.lv\/wp-content\/uploads\/2023\/09\/logo.webp\",\"contentUrl\":\"https:\/\/www.tavidraugi.lv\/wp-content\/uploads\/2023\/09\/logo.webp\",\"width\":592,\"height\":592,\"caption\":\"Tavi Draugi\"},\"image\":{\"@id\":\"https:\/\/www.tavidraugi.lv\/ru\/#\/schema\/logo\/image\/\"}}]}<\/script>\n<!-- \/ Yoast SEO plugin. -->","yoast_head_json":{"title":"Kop\u0101 ir sp\u0113ks! - Tavi Draugi","robots":{"index":"index","follow":"follow","max-snippet":"max-snippet:-1","max-image-preview":"max-image-preview:large","max-video-preview":"max-video-preview:-1"},"canonical":"https:\/\/www.tavidraugi.lv\/ru\/sif-projekti\/kopa-ir-speks\/","og_locale":"ru_RU","og_type":"article","og_title":"Kop\u0101 ir sp\u0113ks! - Tavi Draugi","og_description":"Projekta \u201cKop\u0101 ir sp\u0113ks!\u201d m\u0113r\u0137is ir stiprin\u0101t BDR \u201cTavi draugi\u201d \u012bstenot\u0101s br\u012bvpr\u0101t\u012bg\u0101 darba aktivit\u0101tes, kas v\u0113rstas uz pal\u012bdz\u012bbas snieg\u0161anas organiz\u0113\u0161anu un nodro\u0161in\u0101\u0161anu iedz\u012bvot\u0101jiem, saist\u012bb\u0101 ar Ukrainas kara izrais\u012bto kr\u012bzes situ\u0101ciju. Projekta \u012bsteno\u0161anas laiks ir no 15.03.-31.07.2022. Projekta ietvaros tiks veikta br\u012bvpr\u0101t\u012bg\u0101 darba koordin\u0113\u0161ana un populariz\u0113\u0161ana, nodro\u0161inot atalgojumu 2 koordinatoriem, kas veic hum\u0101no kravu pieg\u0101\u017eu koordin\u0113\u0161anu [&hellip;]","og_url":"https:\/\/www.tavidraugi.lv\/ru\/sif-projekti\/kopa-ir-speks\/","og_site_name":"Tavi Draugi","article_modified_time":"2023-11-02T10:16:27+00:00","og_image":[{"url":"https:\/\/www.tavidraugi.lv\/wp-content\/uploads\/2023\/02\/SIF-LOGO-300x248.png","type":"","width":"","height":""}],"twitter_card":"summary_large_image","twitter_misc":{"\u041f\u0440\u0438\u043c\u0435\u0440\u043d\u043e\u0435 \u0432\u0440\u0435\u043c\u044f \u0434\u043b\u044f \u0447\u0442\u0435\u043d\u0438\u044f":"1 \u043c\u0438\u043d\u0443\u0442\u0430"},"schema":{"@context":"https:\/\/schema.org","@graph":[{"@type":"WebPage","@id":"https:\/\/www.tavidraugi.lv\/ru\/sif-projekti\/kopa-ir-speks\/","url":"https:\/\/www.tavidraugi.lv\/ru\/sif-projekti\/kopa-ir-speks\/","name":"Kop\u0101 ir sp\u0113ks! - Tavi Draugi","isPartOf":{"@id":"https:\/\/www.tavidraugi.lv\/ru\/#website"},"primaryImageOfPage":{"@id":"https:\/\/www.tavidraugi.lv\/ru\/sif-projekti\/kopa-ir-speks\/#primaryimage"},"image":{"@id":"https:\/\/www.tavidraugi.lv\/ru\/sif-projekti\/kopa-ir-speks\/#primaryimage"},"thumbnailUrl":"https:\/\/www.tavidraugi.lv\/wp-content\/uploads\/2023\/02\/SIF-LOGO-300x248.png","datePublished":"2023-02-21T11:10:08+00:00","dateModified":"2023-11-02T10:16:27+00:00","breadcrumb":{"@id":"https:\/\/www.tavidraugi.lv\/ru\/sif-projekti\/kopa-ir-speks\/#breadcrumb"},"inLanguage":"ru-RU","potentialAction":[{"@type":"ReadAction","target":["https:\/\/www.tavidraugi.lv\/ru\/sif-projekti\/kopa-ir-speks\/"]}]},{"@type":"ImageObject","inLanguage":"ru-RU","@id":"https:\/\/www.tavidraugi.lv\/ru\/sif-projekti\/kopa-ir-speks\/#primaryimage","url":"https:\/\/www.tavidraugi.lv\/wp-content\/uploads\/2023\/02\/SIF-LOGO-300x248.png","contentUrl":"https:\/\/www.tavidraugi.lv\/wp-content\/uploads\/2023\/02\/SIF-LOGO-300x248.png"},{"@type":"BreadcrumbList","@id":"https:\/\/www.tavidraugi.lv\/ru\/sif-projekti\/kopa-ir-speks\/#breadcrumb","itemListElement":[{"@type":"ListItem","position":1,"name":"SIF projekti","item":"https:\/\/www.tavidraugi.lv\/ru\/?page_id=2362"},{"@type":"ListItem","position":2,"name":"Kop\u0101 ir sp\u0113ks!"}]},{"@type":"WebSite","@id":"https:\/\/www.tavidraugi.lv\/ru\/#website","url":"https:\/\/www.tavidraugi.lv\/ru\/","name":"Tavi Draugi","description":"Labdar\u012bbas Biedr\u012bba","publisher":{"@id":"https:\/\/www.tavidraugi.lv\/ru\/#organization"},"potentialAction":[{"@type":"SearchAction","target":{"@type":"EntryPoint","urlTemplate":"https:\/\/www.tavidraugi.lv\/ru\/?s={search_term_string}"},"query-input":{"@type":"PropertyValueSpecification","valueRequired":true,"valueName":"search_term_string"}}],"inLanguage":"ru-RU"},{"@type":"Organization","@id":"https:\/\/www.tavidraugi.lv\/ru\/#organization","name":"Tavi Draugi","url":"https:\/\/www.tavidraugi.lv\/ru\/","logo":{"@type":"ImageObject","inLanguage":"ru-RU","@id":"https:\/\/www.tavidraugi.lv\/ru\/#\/schema\/logo\/image\/","url":"https:\/\/www.tavidraugi.lv\/wp-content\/uploads\/2023\/09\/logo.webp","contentUrl":"https:\/\/www.tavidraugi.lv\/wp-content\/uploads\/2023\/09\/logo.webp","width":592,"height":592,"caption":"Tavi Draugi"},"image":{"@id":"https:\/\/www.tavidraugi.lv\/ru\/#\/schema\/logo\/image\/"}}]}},"_links":{"self":[{"href":"https:\/\/www.tavidraugi.lv\/ru\/wp-json\/wp\/v2\/pages\/2371","targetHints":{"allow":["GET"]}}],"collection":[{"href":"https:\/\/www.tavidraugi.lv\/ru\/wp-json\/wp\/v2\/pages"}],"about":[{"href":"https:\/\/www.tavidraugi.lv\/ru\/wp-json\/wp\/v2\/types\/page"}],"author":[{"embeddable":true,"href":"https:\/\/www.tavidraugi.lv\/ru\/wp-json\/wp\/v2\/users\/1"}],"replies":[{"embeddable":true,"href":"https:\/\/www.tavidraugi.lv\/ru\/wp-json\/wp\/v2\/comments?post=2371"}],"version-history":[{"count":0,"href":"https:\/\/www.tavidraugi.lv\/ru\/wp-json\/wp\/v2\/pages\/2371\/revisions"}],"up":[{"embeddable":true,"href":"https:\/\/www.tavidraugi.lv\/ru\/wp-json\/wp\/v2\/pages\/2362"}],"wp:attachment":[{"href":"https:\/\/www.tavidraugi.lv\/ru\/wp-json\/wp\/v2\/media?parent=2371"}],"curies":[{"name":"wp","href":"https:\/\/api.w.org\/{rel}","templated":true}]}}