{"id":13070,"date":"2025-10-08T15:29:21","date_gmt":"2025-10-08T12:29:21","guid":{"rendered":"https:\/\/www.tavidraugi.lv\/produkts\/fake-plant-prop\/"},"modified":"2025-10-08T19:57:43","modified_gmt":"2025-10-08T16:57:43","slug":"fake-plant-prop","status":"publish","type":"product","link":"https:\/\/www.tavidraugi.lv\/en\/produkts\/fake-plant-prop\/","title":{"rendered":"Fake Plant Prop"},"content":{"rendered":"","protected":false},"excerpt":{"rendered":"<h6><b>We offer stylish, high-quality artificial plants for rent in decorative pots, the perfect solution for events. These plants look natural and bring a lively touch to any setting without the need for maintenance. They\u2019re a great fit both indoors and outdoors, ideal for weddings, banquets, festivals, offices, and corporate events. <\/b><\/h6>\n<h6><b>\u25cb Augstums: 80 cm<br \/>\n\u25cb Diametrs: 30 cm (ar podu)<br \/>\n\u25cb Svars: 1\u20133 kg<br \/>\n\u25cb Materi\u0101ls: Augstas kvalit\u0101tes plastmasa un audums<br \/>\n\u25cb Pods: Moderns, melns dekorat\u012bvs pods<br \/>\n\u25cb Priek\u0161roc\u012bbas: Nav j\u0101laista, neizraisa aler\u0123ijas, saglab\u0101 pievilc\u012bbu jebkuros apst\u0101k\u013cos<\/b><\/h6>\n","protected":false},"featured_media":13066,"template":"","meta":{"_acf_changed":false},"product_brand":[],"product_cat":[111],"product_tag":[],"class_list":{"0":"post-13070","1":"product","2":"type-product","3":"status-publish","4":"has-post-thumbnail","6":"product_cat-decorations","8":"first","9":"instock","10":"shipping-taxable","11":"purchasable","12":"product-type-simple"},"acf":[],"yoast_head":"<!-- This site is optimized with the Yoast SEO plugin v25.8 - https:\/\/yoast.com\/wordpress\/plugins\/seo\/ -->\n<title>Fake Plant Prop - Tavi Draugi<\/title>\n<meta name=\"robots\" content=\"index, follow, max-snippet:-1, max-image-preview:large, max-video-preview:-1\" \/>\n<link rel=\"canonical\" href=\"https:\/\/www.tavidraugi.lv\/en\/produkts\/fake-plant-prop\/\" \/>\n<meta property=\"og:locale\" content=\"en_US\" \/>\n<meta property=\"og:type\" content=\"article\" \/>\n<meta property=\"og:title\" content=\"Fake Plant Prop - Tavi Draugi\" \/>\n<meta property=\"og:description\" content=\"We offer stylish, high-quality artificial plants for rent in decorative pots, the perfect solution for events. These plants look natural and bring a lively touch to any setting without the need for maintenance. They\u2019re a great fit both indoors and outdoors, ideal for weddings, banquets, festivals, offices, and corporate events.  \u25cb Augstums: 80 cm \u25cb Diametrs: 30 cm (ar podu) \u25cb Svars: 1\u20133 kg \u25cb Materi\u0101ls: Augstas kvalit\u0101tes plastmasa un audums \u25cb Pods: Moderns, melns dekorat\u012bvs pods \u25cb Priek\u0161roc\u012bbas: Nav j\u0101laista, neizraisa aler\u0123ijas, saglab\u0101 pievilc\u012bbu jebkuros apst\u0101k\u013cos\" \/>\n<meta property=\"og:url\" content=\"https:\/\/www.tavidraugi.lv\/en\/produkts\/fake-plant-prop\/\" \/>\n<meta property=\"og:site_name\" content=\"Tavi Draugi\" \/>\n<meta property=\"article:modified_time\" content=\"2025-10-08T16:57:43+00:00\" \/>\n<meta property=\"og:image\" content=\"https:\/\/www.tavidraugi.lv\/wp-content\/uploads\/2025\/10\/Screenshot-2025-04-15-153701.png\" \/>\n\t<meta property=\"og:image:width\" content=\"273\" \/>\n\t<meta property=\"og:image:height\" content=\"266\" \/>\n\t<meta property=\"og:image:type\" content=\"image\/png\" \/>\n<meta name=\"twitter:card\" content=\"summary_large_image\" \/>\n<meta name=\"twitter:label1\" content=\"Est. reading time\" \/>\n\t<meta name=\"twitter:data1\" content=\"1 minute\" \/>\n<script type=\"application\/ld+json\" class=\"yoast-schema-graph\">{\"@context\":\"https:\/\/schema.org\",\"@graph\":[{\"@type\":\"WebPage\",\"@id\":\"https:\/\/www.tavidraugi.lv\/en\/produkts\/fake-plant-prop\/\",\"url\":\"https:\/\/www.tavidraugi.lv\/en\/produkts\/fake-plant-prop\/\",\"name\":\"Fake Plant Prop - Tavi Draugi\",\"isPartOf\":{\"@id\":\"https:\/\/www.tavidraugi.lv\/en\/#website\"},\"primaryImageOfPage\":{\"@id\":\"https:\/\/www.tavidraugi.lv\/en\/produkts\/fake-plant-prop\/#primaryimage\"},\"image\":{\"@id\":\"https:\/\/www.tavidraugi.lv\/en\/produkts\/fake-plant-prop\/#primaryimage\"},\"thumbnailUrl\":\"https:\/\/www.tavidraugi.lv\/wp-content\/uploads\/2025\/10\/Screenshot-2025-04-15-153701.png\",\"datePublished\":\"2025-10-08T12:29:21+00:00\",\"dateModified\":\"2025-10-08T16:57:43+00:00\",\"breadcrumb\":{\"@id\":\"https:\/\/www.tavidraugi.lv\/en\/produkts\/fake-plant-prop\/#breadcrumb\"},\"inLanguage\":\"en-US\",\"potentialAction\":[{\"@type\":\"ReadAction\",\"target\":[\"https:\/\/www.tavidraugi.lv\/en\/produkts\/fake-plant-prop\/\"]}]},{\"@type\":\"ImageObject\",\"inLanguage\":\"en-US\",\"@id\":\"https:\/\/www.tavidraugi.lv\/en\/produkts\/fake-plant-prop\/#primaryimage\",\"url\":\"https:\/\/www.tavidraugi.lv\/wp-content\/uploads\/2025\/10\/Screenshot-2025-04-15-153701.png\",\"contentUrl\":\"https:\/\/www.tavidraugi.lv\/wp-content\/uploads\/2025\/10\/Screenshot-2025-04-15-153701.png\",\"width\":273,\"height\":266},{\"@type\":\"BreadcrumbList\",\"@id\":\"https:\/\/www.tavidraugi.lv\/en\/produkts\/fake-plant-prop\/#breadcrumb\",\"itemListElement\":[{\"@type\":\"ListItem\",\"position\":1,\"name\":\"All products\",\"item\":\"https:\/\/www.tavidraugi.lv\/en\/all-products\/\"},{\"@type\":\"ListItem\",\"position\":2,\"name\":\"Fake Plant Prop\"}]},{\"@type\":\"WebSite\",\"@id\":\"https:\/\/www.tavidraugi.lv\/en\/#website\",\"url\":\"https:\/\/www.tavidraugi.lv\/en\/\",\"name\":\"Tavi Draugi\",\"description\":\"Labdar\u012bbas Biedr\u012bba\",\"publisher\":{\"@id\":\"https:\/\/www.tavidraugi.lv\/en\/#organization\"},\"potentialAction\":[{\"@type\":\"SearchAction\",\"target\":{\"@type\":\"EntryPoint\",\"urlTemplate\":\"https:\/\/www.tavidraugi.lv\/en\/?s={search_term_string}\"},\"query-input\":{\"@type\":\"PropertyValueSpecification\",\"valueRequired\":true,\"valueName\":\"search_term_string\"}}],\"inLanguage\":\"en-US\"},{\"@type\":\"Organization\",\"@id\":\"https:\/\/www.tavidraugi.lv\/en\/#organization\",\"name\":\"Tavi Draugi\",\"url\":\"https:\/\/www.tavidraugi.lv\/en\/\",\"logo\":{\"@type\":\"ImageObject\",\"inLanguage\":\"en-US\",\"@id\":\"https:\/\/www.tavidraugi.lv\/en\/#\/schema\/logo\/image\/\",\"url\":\"https:\/\/www.tavidraugi.lv\/wp-content\/uploads\/2023\/09\/logo.webp\",\"contentUrl\":\"https:\/\/www.tavidraugi.lv\/wp-content\/uploads\/2023\/09\/logo.webp\",\"width\":592,\"height\":592,\"caption\":\"Tavi Draugi\"},\"image\":{\"@id\":\"https:\/\/www.tavidraugi.lv\/en\/#\/schema\/logo\/image\/\"}}]}<\/script>\n<!-- \/ Yoast SEO plugin. -->","yoast_head_json":{"title":"Fake Plant Prop - Tavi Draugi","robots":{"index":"index","follow":"follow","max-snippet":"max-snippet:-1","max-image-preview":"max-image-preview:large","max-video-preview":"max-video-preview:-1"},"canonical":"https:\/\/www.tavidraugi.lv\/en\/produkts\/fake-plant-prop\/","og_locale":"en_US","og_type":"article","og_title":"Fake Plant Prop - Tavi Draugi","og_description":"We offer stylish, high-quality artificial plants for rent in decorative pots, the perfect solution for events. These plants look natural and bring a lively touch to any setting without the need for maintenance. They\u2019re a great fit both indoors and outdoors, ideal for weddings, banquets, festivals, offices, and corporate events.  \u25cb Augstums: 80 cm \u25cb Diametrs: 30 cm (ar podu) \u25cb Svars: 1\u20133 kg \u25cb Materi\u0101ls: Augstas kvalit\u0101tes plastmasa un audums \u25cb Pods: Moderns, melns dekorat\u012bvs pods \u25cb Priek\u0161roc\u012bbas: Nav j\u0101laista, neizraisa aler\u0123ijas, saglab\u0101 pievilc\u012bbu jebkuros apst\u0101k\u013cos","og_url":"https:\/\/www.tavidraugi.lv\/en\/produkts\/fake-plant-prop\/","og_site_name":"Tavi Draugi","article_modified_time":"2025-10-08T16:57:43+00:00","og_image":[{"width":273,"height":266,"url":"https:\/\/www.tavidraugi.lv\/wp-content\/uploads\/2025\/10\/Screenshot-2025-04-15-153701.png","type":"image\/png"}],"twitter_card":"summary_large_image","twitter_misc":{"Est. reading time":"1 minute"},"schema":{"@context":"https:\/\/schema.org","@graph":[{"@type":"WebPage","@id":"https:\/\/www.tavidraugi.lv\/en\/produkts\/fake-plant-prop\/","url":"https:\/\/www.tavidraugi.lv\/en\/produkts\/fake-plant-prop\/","name":"Fake Plant Prop - Tavi Draugi","isPartOf":{"@id":"https:\/\/www.tavidraugi.lv\/en\/#website"},"primaryImageOfPage":{"@id":"https:\/\/www.tavidraugi.lv\/en\/produkts\/fake-plant-prop\/#primaryimage"},"image":{"@id":"https:\/\/www.tavidraugi.lv\/en\/produkts\/fake-plant-prop\/#primaryimage"},"thumbnailUrl":"https:\/\/www.tavidraugi.lv\/wp-content\/uploads\/2025\/10\/Screenshot-2025-04-15-153701.png","datePublished":"2025-10-08T12:29:21+00:00","dateModified":"2025-10-08T16:57:43+00:00","breadcrumb":{"@id":"https:\/\/www.tavidraugi.lv\/en\/produkts\/fake-plant-prop\/#breadcrumb"},"inLanguage":"en-US","potentialAction":[{"@type":"ReadAction","target":["https:\/\/www.tavidraugi.lv\/en\/produkts\/fake-plant-prop\/"]}]},{"@type":"ImageObject","inLanguage":"en-US","@id":"https:\/\/www.tavidraugi.lv\/en\/produkts\/fake-plant-prop\/#primaryimage","url":"https:\/\/www.tavidraugi.lv\/wp-content\/uploads\/2025\/10\/Screenshot-2025-04-15-153701.png","contentUrl":"https:\/\/www.tavidraugi.lv\/wp-content\/uploads\/2025\/10\/Screenshot-2025-04-15-153701.png","width":273,"height":266},{"@type":"BreadcrumbList","@id":"https:\/\/www.tavidraugi.lv\/en\/produkts\/fake-plant-prop\/#breadcrumb","itemListElement":[{"@type":"ListItem","position":1,"name":"All products","item":"https:\/\/www.tavidraugi.lv\/en\/all-products\/"},{"@type":"ListItem","position":2,"name":"Fake Plant Prop"}]},{"@type":"WebSite","@id":"https:\/\/www.tavidraugi.lv\/en\/#website","url":"https:\/\/www.tavidraugi.lv\/en\/","name":"Tavi Draugi","description":"Labdar\u012bbas Biedr\u012bba","publisher":{"@id":"https:\/\/www.tavidraugi.lv\/en\/#organization"},"potentialAction":[{"@type":"SearchAction","target":{"@type":"EntryPoint","urlTemplate":"https:\/\/www.tavidraugi.lv\/en\/?s={search_term_string}"},"query-input":{"@type":"PropertyValueSpecification","valueRequired":true,"valueName":"search_term_string"}}],"inLanguage":"en-US"},{"@type":"Organization","@id":"https:\/\/www.tavidraugi.lv\/en\/#organization","name":"Tavi Draugi","url":"https:\/\/www.tavidraugi.lv\/en\/","logo":{"@type":"ImageObject","inLanguage":"en-US","@id":"https:\/\/www.tavidraugi.lv\/en\/#\/schema\/logo\/image\/","url":"https:\/\/www.tavidraugi.lv\/wp-content\/uploads\/2023\/09\/logo.webp","contentUrl":"https:\/\/www.tavidraugi.lv\/wp-content\/uploads\/2023\/09\/logo.webp","width":592,"height":592,"caption":"Tavi Draugi"},"image":{"@id":"https:\/\/www.tavidraugi.lv\/en\/#\/schema\/logo\/image\/"}}]}},"_links":{"self":[{"href":"https:\/\/www.tavidraugi.lv\/en\/wp-json\/wp\/v2\/product\/13070","targetHints":{"allow":["GET"]}}],"collection":[{"href":"https:\/\/www.tavidraugi.lv\/en\/wp-json\/wp\/v2\/product"}],"about":[{"href":"https:\/\/www.tavidraugi.lv\/en\/wp-json\/wp\/v2\/types\/product"}],"version-history":[{"count":1,"href":"https:\/\/www.tavidraugi.lv\/en\/wp-json\/wp\/v2\/product\/13070\/revisions"}],"predecessor-version":[{"id":13079,"href":"https:\/\/www.tavidraugi.lv\/en\/wp-json\/wp\/v2\/product\/13070\/revisions\/13079"}],"wp:featuredmedia":[{"embeddable":true,"href":"https:\/\/www.tavidraugi.lv\/en\/wp-json\/wp\/v2\/media\/13066"}],"wp:attachment":[{"href":"https:\/\/www.tavidraugi.lv\/en\/wp-json\/wp\/v2\/media?parent=13070"}],"wp:term":[{"taxonomy":"product_brand","embeddable":true,"href":"https:\/\/www.tavidraugi.lv\/en\/wp-json\/wp\/v2\/product_brand?post=13070"},{"taxonomy":"product_cat","embeddable":true,"href":"https:\/\/www.tavidraugi.lv\/en\/wp-json\/wp\/v2\/product_cat?post=13070"},{"taxonomy":"product_tag","embeddable":true,"href":"https:\/\/www.tavidraugi.lv\/en\/wp-json\/wp\/v2\/product_tag?post=13070"}],"curies":[{"name":"wp","href":"https:\/\/api.w.org\/{rel}","templated":true}]}}