{"id":2367,"date":"2023-02-21T11:28:18","date_gmt":"2023-02-21T11:28:18","guid":{"rendered":"https:\/\/www.tavidraugi.lv\/sif-projekti\/mes-satiksimies-mi-zustrinemosj\/"},"modified":"2023-11-02T10:10:33","modified_gmt":"2023-11-02T10:10:33","slug":"mes-satiksimies-mi-zustrinemosj","status":"publish","type":"page","link":"https:\/\/www.tavidraugi.lv\/en\/sif-projekti\/mes-satiksimies-mi-zustrinemosj\/","title":{"rendered":"M\u0113s satiksimies &#8211; Mi zustrinemosj!"},"content":{"rendered":"<p>Projekta \u201cM\u0113s satiksimies &#8211; Mi zustrinemosj!\u201d m\u0113r\u0137is ir veidot informat\u012bvu un izgl\u012btojo\u0161u pas\u0101kumu ciklu Biedr\u012bbas pal\u012bdz\u012bbas snieg\u0161anas centr\u0101 Ventspils iel\u0101, kur jau izveidojusies ukrai\u0146u b\u0113g\u013cu kom\u016bna un soci\u0101lais loks. M\u0113r\u0137is ir veicin\u0101t soci\u0101lo integr\u0101ciju, veidot emocion\u0101li dro\u0161u, atv\u0113rtu un atbalsto\u0161u vidi, sekm\u0113jot sabiedr\u012bbas salied\u0113t\u012bbu, stiprinot Ukrainas \u0123ime\u0146u pieder\u012bbu Latvijas sabiedr\u012bbai, veicinot latvie\u0161u valodas un kult\u016bras apguvi. Pastiprin\u0101ti iesaistot un nodarbinot b\u0113rnus, pl\u0101nots sekm\u0113t vi\u0146u labsaj\u016btu, jaunu draugu ieg\u016b\u0161anu un viegl\u0101ku skolas gaitu uzs\u0101k\u0161anu.<\/p>\n<p><strong>\u200bProjekta \u012bsteno\u0161anas laiks:<\/strong> no 24.08. &#8211; 28.09.2022<\/p>\n<p><strong>Projekta m\u0113r\u0137is:<\/strong> Atsaucoties uz Biedr\u012bbas veikto aptauju maij\u0101*, tika konstat\u0113ts, ka vair\u0101k nek\u0101 50 % aptauj\u0101to ikdien\u0101 saskaras ar probl\u0113m\u0101m, kas skar soci\u0101lo nevienl\u012bdz\u012bbu, integr\u0113\u0161an\u0101s probl\u0113mas un emocion\u0101l\u0101 atbalsta neesam\u012bbu. \u0160\u012bs vajadz\u012bbas identific\u0113jam k\u0101 galven\u0101s. Pl\u0101not\u0101s projekta aktivit\u0101tes paredz akt\u012bvu l\u012bdzdarbo\u0161anos, ne\u0161\u0137irojot cilv\u0113kus p\u0113c taut\u012bbas, vecuma un soci\u0101l\u0101 st\u0101vok\u013ca, piev\u0113r\u0161ot \u012bpa\u0161u uzman\u012bbu ukrai\u0146u iesaist\u0113 un \u0123ime\u0146u, \u012bpa\u0161i b\u0113rnu integr\u0113\u0161\u0101n\u0101. Katrs pas\u0101kums tiek organiz\u0113ts vair\u0101k\u0101s da\u013c\u0101s, \u013caujot katra vecuma, dzimuma un taut\u012bbas apmekl\u0113t\u0101jam iesaist\u012bties vienl\u012bdz\u012bgi un kop\u0101. Projekta kvalit\u0101te tiks nodro\u0161in\u0101ta piesaistot atbilsto\u0161us speci\u0101listus un nozares ektuziastus, veidojot saisto\u0161as un aktu\u0101las diskusijas, nodarb\u012bbas un sp\u0113les, aktivit\u0101tes, kas, profesion\u0101li vad\u012btas, veicina komunik\u0101ciju, integr\u0101ciju, izpratni, sapratni un sirsn\u012bgu, dro\u0161u un atv\u0113rtu l\u012bdz\u0101s past\u0101v\u0113\u0161anu.<\/p>\n<p>* &#8220;Tavi draugi&#8221; aptauja norisin\u0101j\u0101s no 2022. gada 23. l\u012bdz 31. maijam, taj\u0101 piedal\u012bj\u0101s 640 respondentu, sniedzot vair\u0101kas atbildes uz jaut\u0101jumiem par vi\u0146iem nepiecie\u0161amo atbalstu. No respondentiem liel\u0101k\u0101 da\u013ca jeb 92% ir sievietes vecuma grup\u0101 no 15 l\u012bdz 50+ gadiem. 70% aptauj\u0101to ir viens l\u012bdz tr\u012bs b\u0113rni. \u200b<\/p>\n<p><strong>Projekta m\u0113r\u0137grupa un pl\u0101notais iesaist\u012bto dal\u012bbnieku skaits:<\/strong> ap \u200b900 ukrai\u0146u un latvie\u0161u, kuri akt\u012bvi darbojas biedr\u012bb\u0101, k\u0101 br\u012bvpr\u0101t\u012bgie un ir m\u016bsu pal\u012bdz\u012bbas sa\u0146\u0113m\u0113ju datu b\u0101z\u0113.<\/p>\n<p><strong>Projekta izmaksas:<\/strong> 12500,00 EUR, kur 100% no attiecin\u0101maj\u0101m izmaks\u0101m sedz Sabiedr\u012bbas integr\u0101cijas fonds.<\/p>\n<p><strong>Projekta \u012bsteno\u0161anas vieta:<\/strong> Biedr\u012bbas Tavi draugi galvenais lo\u0123istikas centrs R\u012bg\u0101, Ventspils iel\u0101 50<\/p>\n<p>&nbsp;<\/p>\n<p><img decoding=\"async\" class=\"aligncenter wp-image-736\" src=\"https:\/\/www.tavidraugi.lv\/wp-content\/uploads\/2023\/02\/SIF-LOGO-300x248.png\" alt=\"\" width=\"165\" height=\"136\" srcset=\"https:\/\/www.tavidraugi.lv\/wp-content\/uploads\/2023\/02\/SIF-LOGO-300x248.png 300w, https:\/\/www.tavidraugi.lv\/wp-content\/uploads\/2023\/02\/SIF-LOGO.png 482w\" sizes=\"(max-width: 165px) 100vw, 165px\" \/><\/p>\n<p style=\"text-align: center;\">\u201cPas\u0101kumu finansi\u0101li atbalsta Sabiedr\u012bbas integr\u0101cijas fonds no pie\u0161\u0137irtajiem Latvijas valsts bud\u017eeta l\u012bdzek\u013ciem.\u201d<\/p>\n<p>&nbsp;<\/p>\n","protected":false},"excerpt":{"rendered":"<p>Projekta \u201cM\u0113s satiksimies &#8211; Mi zustrinemosj!\u201d m\u0113r\u0137is ir veidot informat\u012bvu un izgl\u012btojo\u0161u pas\u0101kumu ciklu Biedr\u012bbas pal\u012bdz\u012bbas snieg\u0161anas centr\u0101 Ventspils iel\u0101, kur jau izveidojusies ukrai\u0146u b\u0113g\u013cu kom\u016bna un soci\u0101lais loks. M\u0113r\u0137is ir veicin\u0101t soci\u0101lo integr\u0101ciju, veidot emocion\u0101li dro\u0161u, atv\u0113rtu un atbalsto\u0161u vidi, sekm\u0113jot sabiedr\u012bbas salied\u0113t\u012bbu, stiprinot Ukrainas \u0123ime\u0146u pieder\u012bbu Latvijas sabiedr\u012bbai, veicinot latvie\u0161u valodas un kult\u016bras [&hellip;]<\/p>\n","protected":false},"author":1,"featured_media":0,"parent":2361,"menu_order":0,"comment_status":"closed","ping_status":"closed","template":"","meta":{"_acf_changed":false,"footnotes":""},"class_list":["post-2367","page","type-page","status-publish","hentry"],"acf":[],"yoast_head":"<!-- This site is optimized with the Yoast SEO plugin v25.8 - https:\/\/yoast.com\/wordpress\/plugins\/seo\/ -->\n<title>M\u0113s satiksimies - Mi zustrinemosj! - Tavi Draugi<\/title>\n<meta name=\"robots\" content=\"index, follow, max-snippet:-1, max-image-preview:large, max-video-preview:-1\" \/>\n<link rel=\"canonical\" href=\"https:\/\/www.tavidraugi.lv\/en\/sif-projekti\/mes-satiksimies-mi-zustrinemosj\/\" \/>\n<meta property=\"og:locale\" content=\"en_US\" \/>\n<meta property=\"og:type\" content=\"article\" \/>\n<meta property=\"og:title\" content=\"M\u0113s satiksimies - Mi zustrinemosj! - Tavi Draugi\" \/>\n<meta property=\"og:description\" content=\"Projekta \u201cM\u0113s satiksimies &#8211; Mi zustrinemosj!\u201d m\u0113r\u0137is ir veidot informat\u012bvu un izgl\u012btojo\u0161u pas\u0101kumu ciklu Biedr\u012bbas pal\u012bdz\u012bbas snieg\u0161anas centr\u0101 Ventspils iel\u0101, kur jau izveidojusies ukrai\u0146u b\u0113g\u013cu kom\u016bna un soci\u0101lais loks. M\u0113r\u0137is ir veicin\u0101t soci\u0101lo integr\u0101ciju, veidot emocion\u0101li dro\u0161u, atv\u0113rtu un atbalsto\u0161u vidi, sekm\u0113jot sabiedr\u012bbas salied\u0113t\u012bbu, stiprinot Ukrainas \u0123ime\u0146u pieder\u012bbu Latvijas sabiedr\u012bbai, veicinot latvie\u0161u valodas un kult\u016bras [&hellip;]\" \/>\n<meta property=\"og:url\" content=\"https:\/\/www.tavidraugi.lv\/en\/sif-projekti\/mes-satiksimies-mi-zustrinemosj\/\" \/>\n<meta property=\"og:site_name\" content=\"Tavi Draugi\" \/>\n<meta property=\"article:modified_time\" content=\"2023-11-02T10:10:33+00:00\" \/>\n<meta property=\"og:image\" content=\"https:\/\/www.tavidraugi.lv\/wp-content\/uploads\/2023\/02\/SIF-LOGO-300x248.png\" \/>\n<meta name=\"twitter:card\" content=\"summary_large_image\" \/>\n<meta name=\"twitter:label1\" content=\"Est. reading time\" \/>\n\t<meta name=\"twitter:data1\" content=\"2 minutes\" \/>\n<script type=\"application\/ld+json\" class=\"yoast-schema-graph\">{\"@context\":\"https:\/\/schema.org\",\"@graph\":[{\"@type\":\"WebPage\",\"@id\":\"https:\/\/www.tavidraugi.lv\/en\/sif-projekti\/mes-satiksimies-mi-zustrinemosj\/\",\"url\":\"https:\/\/www.tavidraugi.lv\/en\/sif-projekti\/mes-satiksimies-mi-zustrinemosj\/\",\"name\":\"M\u0113s satiksimies - Mi zustrinemosj! - Tavi Draugi\",\"isPartOf\":{\"@id\":\"https:\/\/www.tavidraugi.lv\/en\/#website\"},\"primaryImageOfPage\":{\"@id\":\"https:\/\/www.tavidraugi.lv\/en\/sif-projekti\/mes-satiksimies-mi-zustrinemosj\/#primaryimage\"},\"image\":{\"@id\":\"https:\/\/www.tavidraugi.lv\/en\/sif-projekti\/mes-satiksimies-mi-zustrinemosj\/#primaryimage\"},\"thumbnailUrl\":\"https:\/\/www.tavidraugi.lv\/wp-content\/uploads\/2023\/02\/SIF-LOGO-300x248.png\",\"datePublished\":\"2023-02-21T11:28:18+00:00\",\"dateModified\":\"2023-11-02T10:10:33+00:00\",\"breadcrumb\":{\"@id\":\"https:\/\/www.tavidraugi.lv\/en\/sif-projekti\/mes-satiksimies-mi-zustrinemosj\/#breadcrumb\"},\"inLanguage\":\"en-US\",\"potentialAction\":[{\"@type\":\"ReadAction\",\"target\":[\"https:\/\/www.tavidraugi.lv\/en\/sif-projekti\/mes-satiksimies-mi-zustrinemosj\/\"]}]},{\"@type\":\"ImageObject\",\"inLanguage\":\"en-US\",\"@id\":\"https:\/\/www.tavidraugi.lv\/en\/sif-projekti\/mes-satiksimies-mi-zustrinemosj\/#primaryimage\",\"url\":\"https:\/\/www.tavidraugi.lv\/wp-content\/uploads\/2023\/02\/SIF-LOGO-300x248.png\",\"contentUrl\":\"https:\/\/www.tavidraugi.lv\/wp-content\/uploads\/2023\/02\/SIF-LOGO-300x248.png\"},{\"@type\":\"BreadcrumbList\",\"@id\":\"https:\/\/www.tavidraugi.lv\/en\/sif-projekti\/mes-satiksimies-mi-zustrinemosj\/#breadcrumb\",\"itemListElement\":[{\"@type\":\"ListItem\",\"position\":1,\"name\":\"SIF projekti\",\"item\":\"https:\/\/www.tavidraugi.lv\/en\/?page_id=2361\"},{\"@type\":\"ListItem\",\"position\":2,\"name\":\"M\u0113s satiksimies &#8211; Mi zustrinemosj!\"}]},{\"@type\":\"WebSite\",\"@id\":\"https:\/\/www.tavidraugi.lv\/en\/#website\",\"url\":\"https:\/\/www.tavidraugi.lv\/en\/\",\"name\":\"Tavi Draugi\",\"description\":\"Labdar\u012bbas Biedr\u012bba\",\"publisher\":{\"@id\":\"https:\/\/www.tavidraugi.lv\/en\/#organization\"},\"potentialAction\":[{\"@type\":\"SearchAction\",\"target\":{\"@type\":\"EntryPoint\",\"urlTemplate\":\"https:\/\/www.tavidraugi.lv\/en\/?s={search_term_string}\"},\"query-input\":{\"@type\":\"PropertyValueSpecification\",\"valueRequired\":true,\"valueName\":\"search_term_string\"}}],\"inLanguage\":\"en-US\"},{\"@type\":\"Organization\",\"@id\":\"https:\/\/www.tavidraugi.lv\/en\/#organization\",\"name\":\"Tavi Draugi\",\"url\":\"https:\/\/www.tavidraugi.lv\/en\/\",\"logo\":{\"@type\":\"ImageObject\",\"inLanguage\":\"en-US\",\"@id\":\"https:\/\/www.tavidraugi.lv\/en\/#\/schema\/logo\/image\/\",\"url\":\"https:\/\/www.tavidraugi.lv\/wp-content\/uploads\/2023\/09\/logo.webp\",\"contentUrl\":\"https:\/\/www.tavidraugi.lv\/wp-content\/uploads\/2023\/09\/logo.webp\",\"width\":592,\"height\":592,\"caption\":\"Tavi Draugi\"},\"image\":{\"@id\":\"https:\/\/www.tavidraugi.lv\/en\/#\/schema\/logo\/image\/\"}}]}<\/script>\n<!-- \/ Yoast SEO plugin. -->","yoast_head_json":{"title":"M\u0113s satiksimies - Mi zustrinemosj! - Tavi Draugi","robots":{"index":"index","follow":"follow","max-snippet":"max-snippet:-1","max-image-preview":"max-image-preview:large","max-video-preview":"max-video-preview:-1"},"canonical":"https:\/\/www.tavidraugi.lv\/en\/sif-projekti\/mes-satiksimies-mi-zustrinemosj\/","og_locale":"en_US","og_type":"article","og_title":"M\u0113s satiksimies - Mi zustrinemosj! - Tavi Draugi","og_description":"Projekta \u201cM\u0113s satiksimies &#8211; Mi zustrinemosj!\u201d m\u0113r\u0137is ir veidot informat\u012bvu un izgl\u012btojo\u0161u pas\u0101kumu ciklu Biedr\u012bbas pal\u012bdz\u012bbas snieg\u0161anas centr\u0101 Ventspils iel\u0101, kur jau izveidojusies ukrai\u0146u b\u0113g\u013cu kom\u016bna un soci\u0101lais loks. M\u0113r\u0137is ir veicin\u0101t soci\u0101lo integr\u0101ciju, veidot emocion\u0101li dro\u0161u, atv\u0113rtu un atbalsto\u0161u vidi, sekm\u0113jot sabiedr\u012bbas salied\u0113t\u012bbu, stiprinot Ukrainas \u0123ime\u0146u pieder\u012bbu Latvijas sabiedr\u012bbai, veicinot latvie\u0161u valodas un kult\u016bras [&hellip;]","og_url":"https:\/\/www.tavidraugi.lv\/en\/sif-projekti\/mes-satiksimies-mi-zustrinemosj\/","og_site_name":"Tavi Draugi","article_modified_time":"2023-11-02T10:10:33+00:00","og_image":[{"url":"https:\/\/www.tavidraugi.lv\/wp-content\/uploads\/2023\/02\/SIF-LOGO-300x248.png","type":"","width":"","height":""}],"twitter_card":"summary_large_image","twitter_misc":{"Est. reading time":"2 minutes"},"schema":{"@context":"https:\/\/schema.org","@graph":[{"@type":"WebPage","@id":"https:\/\/www.tavidraugi.lv\/en\/sif-projekti\/mes-satiksimies-mi-zustrinemosj\/","url":"https:\/\/www.tavidraugi.lv\/en\/sif-projekti\/mes-satiksimies-mi-zustrinemosj\/","name":"M\u0113s satiksimies - Mi zustrinemosj! - Tavi Draugi","isPartOf":{"@id":"https:\/\/www.tavidraugi.lv\/en\/#website"},"primaryImageOfPage":{"@id":"https:\/\/www.tavidraugi.lv\/en\/sif-projekti\/mes-satiksimies-mi-zustrinemosj\/#primaryimage"},"image":{"@id":"https:\/\/www.tavidraugi.lv\/en\/sif-projekti\/mes-satiksimies-mi-zustrinemosj\/#primaryimage"},"thumbnailUrl":"https:\/\/www.tavidraugi.lv\/wp-content\/uploads\/2023\/02\/SIF-LOGO-300x248.png","datePublished":"2023-02-21T11:28:18+00:00","dateModified":"2023-11-02T10:10:33+00:00","breadcrumb":{"@id":"https:\/\/www.tavidraugi.lv\/en\/sif-projekti\/mes-satiksimies-mi-zustrinemosj\/#breadcrumb"},"inLanguage":"en-US","potentialAction":[{"@type":"ReadAction","target":["https:\/\/www.tavidraugi.lv\/en\/sif-projekti\/mes-satiksimies-mi-zustrinemosj\/"]}]},{"@type":"ImageObject","inLanguage":"en-US","@id":"https:\/\/www.tavidraugi.lv\/en\/sif-projekti\/mes-satiksimies-mi-zustrinemosj\/#primaryimage","url":"https:\/\/www.tavidraugi.lv\/wp-content\/uploads\/2023\/02\/SIF-LOGO-300x248.png","contentUrl":"https:\/\/www.tavidraugi.lv\/wp-content\/uploads\/2023\/02\/SIF-LOGO-300x248.png"},{"@type":"BreadcrumbList","@id":"https:\/\/www.tavidraugi.lv\/en\/sif-projekti\/mes-satiksimies-mi-zustrinemosj\/#breadcrumb","itemListElement":[{"@type":"ListItem","position":1,"name":"SIF projekti","item":"https:\/\/www.tavidraugi.lv\/en\/?page_id=2361"},{"@type":"ListItem","position":2,"name":"M\u0113s satiksimies &#8211; Mi zustrinemosj!"}]},{"@type":"WebSite","@id":"https:\/\/www.tavidraugi.lv\/en\/#website","url":"https:\/\/www.tavidraugi.lv\/en\/","name":"Tavi Draugi","description":"Labdar\u012bbas Biedr\u012bba","publisher":{"@id":"https:\/\/www.tavidraugi.lv\/en\/#organization"},"potentialAction":[{"@type":"SearchAction","target":{"@type":"EntryPoint","urlTemplate":"https:\/\/www.tavidraugi.lv\/en\/?s={search_term_string}"},"query-input":{"@type":"PropertyValueSpecification","valueRequired":true,"valueName":"search_term_string"}}],"inLanguage":"en-US"},{"@type":"Organization","@id":"https:\/\/www.tavidraugi.lv\/en\/#organization","name":"Tavi Draugi","url":"https:\/\/www.tavidraugi.lv\/en\/","logo":{"@type":"ImageObject","inLanguage":"en-US","@id":"https:\/\/www.tavidraugi.lv\/en\/#\/schema\/logo\/image\/","url":"https:\/\/www.tavidraugi.lv\/wp-content\/uploads\/2023\/09\/logo.webp","contentUrl":"https:\/\/www.tavidraugi.lv\/wp-content\/uploads\/2023\/09\/logo.webp","width":592,"height":592,"caption":"Tavi Draugi"},"image":{"@id":"https:\/\/www.tavidraugi.lv\/en\/#\/schema\/logo\/image\/"}}]}},"_links":{"self":[{"href":"https:\/\/www.tavidraugi.lv\/en\/wp-json\/wp\/v2\/pages\/2367","targetHints":{"allow":["GET"]}}],"collection":[{"href":"https:\/\/www.tavidraugi.lv\/en\/wp-json\/wp\/v2\/pages"}],"about":[{"href":"https:\/\/www.tavidraugi.lv\/en\/wp-json\/wp\/v2\/types\/page"}],"author":[{"embeddable":true,"href":"https:\/\/www.tavidraugi.lv\/en\/wp-json\/wp\/v2\/users\/1"}],"replies":[{"embeddable":true,"href":"https:\/\/www.tavidraugi.lv\/en\/wp-json\/wp\/v2\/comments?post=2367"}],"version-history":[{"count":0,"href":"https:\/\/www.tavidraugi.lv\/en\/wp-json\/wp\/v2\/pages\/2367\/revisions"}],"up":[{"embeddable":true,"href":"https:\/\/www.tavidraugi.lv\/en\/wp-json\/wp\/v2\/pages\/2361"}],"wp:attachment":[{"href":"https:\/\/www.tavidraugi.lv\/en\/wp-json\/wp\/v2\/media?parent=2367"}],"curies":[{"name":"wp","href":"https:\/\/api.w.org\/{rel}","templated":true}]}}