{"id":2358,"date":"2023-02-18T10:05:39","date_gmt":"2023-02-18T10:05:39","guid":{"rendered":"https:\/\/www.tavidraugi.lv\/aif-projekts\/"},"modified":"2023-11-02T10:10:49","modified_gmt":"2023-11-02T10:10:49","slug":"aif-projekts","status":"publish","type":"page","link":"https:\/\/www.tavidraugi.lv\/en\/aif-projekts\/","title":{"rendered":"AIF Projekts"},"content":{"rendered":"<p>Datums: 31.03.2022<\/p>\n<p><strong>Biedr\u012bba \u201cTavi draugi\u201d uzs\u0101k \u012bstenot projektu \u201cKoordin\u0113ts hum\u0101nais atbalsts Ukrainas iedz\u012bvot\u0101jiem\u201d, kas tiek finans\u0113ts Akt\u012bvo iedz\u012bvot\u0101ju fonda (AIF) r\u012bc\u012bbas projektu ietvar\u0101.<\/strong><\/p>\n<p>Projekta m\u0113r\u0137is ir nodro\u0161in\u0101t koordin\u0113tu hum\u0101n\u0101s pal\u012bdz\u012bbas snieg\u0161anu Ukrainas iedz\u012bvot\u0101jiem, organiz\u0113jot un koordin\u0113jot Latvijas iedz\u012bvot\u0101ju, organiz\u0101ciju un uz\u0146\u0113mumu br\u012bvpr\u0101t\u012bgo iesaisti pal\u012bdz\u012bbas snieg\u0161an\u0101.<\/p>\n<p>Projekta \u012bsteno\u0161anas termi\u0146\u0161: 25.03.2022 -31.05.2022;<\/p>\n<p>Projekta izmaksas 9 997.34 EUR, kur 100% sedz AIF;<\/p>\n<p>Projekta ietvaros tiks koordin\u0113ta Latvijas pilsonisk\u0101s sabiedr\u012bbas iesaiste Ukrainas iedz\u012bvot\u0101ju atbalstam, nodro\u0161inot atalgojumu 2 vado\u0161ajiem br\u012bvpr\u0101t\u012bg\u0101 darba koordinatoriem, k\u0101 ar\u012b degvielas ieg\u0101di hum\u0101n\u0101s pal\u012bdz\u012bbas sav\u0101k\u0161anai un nog\u0101d\u0101\u0161anai t\u0101s sa\u0146\u0113m\u0113jiem.<\/p>\n<p>Projekts tiek realiz\u0113ts ar Eiropas Ekonomikas zonas un Norv\u0113\u0123ijas grantu 2014.-2021. gadam<\/p>\n<p>programmas \u201cAkt\u012bvo iedz\u012bvot\u0101ju fonds\u201d (AIF) 100% atbalstu, projekta Nr. Nr. AIF\/2022\/R\/54.<\/p>\n<p>Akt\u012bvo iedz\u012bvot\u0101ju fonds ir Eiropas Ekonomikas zonas (EEZ) un Norv\u0113\u0123ijas grantu programma, kuras darb\u012bbai finans\u0113jums pie\u0161\u0137irts 15 Eiropas valst\u012bs: Bulg\u0101rij\u0101, \u010cehij\u0101, Grie\u0137ij\u0101, Horv\u0101tij\u0101, Igaunij\u0101, Kipr\u0101, Latvij\u0101, Lietuv\u0101, Malt\u0101, Polij\u0101, Portug\u0101l\u0113, Rum\u0101nij\u0101, Slov\u0101kij\u0101, Slov\u0113nij\u0101 un Ung\u0101rij\u0101. (www.activecitizensfund.lv)<\/p>\n<p>Akt\u012bvo iedz\u012bvot\u0101ju fonda darb\u012bbas m\u0113r\u0137is vis\u0101s valst\u012bs ir pilsonisk\u0101s sabiedr\u012bbas un iedz\u012bvot\u0101ju l\u012bdzdal\u012bbas stiprin\u0101\u0161ana un mazaizsarg\u0101to iedz\u012bvot\u0101ju grupu sp\u0113ju vairo\u0161ana.<\/p>\n<p>Projekta ieguld\u012bjums Programmas \u201cDemokr\u0101tijas kult\u016bra\u201d rezult\u0101tu sasnieg\u0161an\u0101:<\/p>\n<ul>\n<li>Projekta rezult\u0101t\u0101 Latvij\u0101 b\u016bs pieaudzis t\u0101du iedz\u012bvot\u0101ju \u012bpatsvars, kuri iesaist\u0101s pilsoniskaj\u0101s aktivit\u0101t\u0113s.<\/li>\n<\/ul>\n<p><img fetchpriority=\"high\" decoding=\"async\" class=\"aligncenter size-full wp-image-677\" src=\"https:\/\/www.tavidraugi.lv\/wp-content\/uploads\/2023\/02\/aif.png\" alt=\"\" width=\"383\" height=\"134\" srcset=\"https:\/\/www.tavidraugi.lv\/wp-content\/uploads\/2023\/02\/aif.png 383w, https:\/\/www.tavidraugi.lv\/wp-content\/uploads\/2023\/02\/aif-300x105.png 300w\" sizes=\"(max-width: 383px) 100vw, 383px\" \/><\/p>\n","protected":false},"excerpt":{"rendered":"<p>Datums: 31.03.2022 Biedr\u012bba \u201cTavi draugi\u201d uzs\u0101k \u012bstenot projektu \u201cKoordin\u0113ts hum\u0101nais atbalsts Ukrainas iedz\u012bvot\u0101jiem\u201d, kas tiek finans\u0113ts Akt\u012bvo iedz\u012bvot\u0101ju fonda (AIF) r\u012bc\u012bbas projektu ietvar\u0101. Projekta m\u0113r\u0137is ir nodro\u0161in\u0101t koordin\u0113tu hum\u0101n\u0101s pal\u012bdz\u012bbas snieg\u0161anu Ukrainas iedz\u012bvot\u0101jiem, organiz\u0113jot un koordin\u0113jot Latvijas iedz\u012bvot\u0101ju, organiz\u0101ciju un uz\u0146\u0113mumu br\u012bvpr\u0101t\u012bgo iesaisti pal\u012bdz\u012bbas snieg\u0161an\u0101. Projekta \u012bsteno\u0161anas termi\u0146\u0161: 25.03.2022 -31.05.2022; Projekta izmaksas 9 997.34 EUR, [&hellip;]<\/p>\n","protected":false},"author":1,"featured_media":0,"parent":0,"menu_order":0,"comment_status":"closed","ping_status":"closed","template":"","meta":{"_acf_changed":false,"footnotes":""},"class_list":["post-2358","page","type-page","status-publish","hentry"],"acf":[],"yoast_head":"<!-- This site is optimized with the Yoast SEO plugin v25.8 - https:\/\/yoast.com\/wordpress\/plugins\/seo\/ -->\n<title>AIF Projekts - Tavi Draugi<\/title>\n<meta name=\"robots\" content=\"index, follow, max-snippet:-1, max-image-preview:large, max-video-preview:-1\" \/>\n<link rel=\"canonical\" href=\"https:\/\/www.tavidraugi.lv\/en\/aif-projekts\/\" \/>\n<meta property=\"og:locale\" content=\"en_US\" \/>\n<meta property=\"og:type\" content=\"article\" \/>\n<meta property=\"og:title\" content=\"AIF Projekts - Tavi Draugi\" \/>\n<meta property=\"og:description\" content=\"Datums: 31.03.2022 Biedr\u012bba \u201cTavi draugi\u201d uzs\u0101k \u012bstenot projektu \u201cKoordin\u0113ts hum\u0101nais atbalsts Ukrainas iedz\u012bvot\u0101jiem\u201d, kas tiek finans\u0113ts Akt\u012bvo iedz\u012bvot\u0101ju fonda (AIF) r\u012bc\u012bbas projektu ietvar\u0101. Projekta m\u0113r\u0137is ir nodro\u0161in\u0101t koordin\u0113tu hum\u0101n\u0101s pal\u012bdz\u012bbas snieg\u0161anu Ukrainas iedz\u012bvot\u0101jiem, organiz\u0113jot un koordin\u0113jot Latvijas iedz\u012bvot\u0101ju, organiz\u0101ciju un uz\u0146\u0113mumu br\u012bvpr\u0101t\u012bgo iesaisti pal\u012bdz\u012bbas snieg\u0161an\u0101. Projekta \u012bsteno\u0161anas termi\u0146\u0161: 25.03.2022 -31.05.2022; Projekta izmaksas 9 997.34 EUR, [&hellip;]\" \/>\n<meta property=\"og:url\" content=\"https:\/\/www.tavidraugi.lv\/en\/aif-projekts\/\" \/>\n<meta property=\"og:site_name\" content=\"Tavi Draugi\" \/>\n<meta property=\"article:modified_time\" content=\"2023-11-02T10:10:49+00:00\" \/>\n<meta property=\"og:image\" content=\"https:\/\/www.tavidraugi.lv\/wp-content\/uploads\/2023\/02\/aif.png\" \/>\n<meta name=\"twitter:card\" content=\"summary_large_image\" \/>\n<meta name=\"twitter:label1\" content=\"Est. reading time\" \/>\n\t<meta name=\"twitter:data1\" content=\"2 minutes\" \/>\n<script type=\"application\/ld+json\" class=\"yoast-schema-graph\">{\"@context\":\"https:\/\/schema.org\",\"@graph\":[{\"@type\":\"WebPage\",\"@id\":\"https:\/\/www.tavidraugi.lv\/en\/aif-projekts\/\",\"url\":\"https:\/\/www.tavidraugi.lv\/en\/aif-projekts\/\",\"name\":\"AIF Projekts - Tavi Draugi\",\"isPartOf\":{\"@id\":\"https:\/\/www.tavidraugi.lv\/en\/#website\"},\"primaryImageOfPage\":{\"@id\":\"https:\/\/www.tavidraugi.lv\/en\/aif-projekts\/#primaryimage\"},\"image\":{\"@id\":\"https:\/\/www.tavidraugi.lv\/en\/aif-projekts\/#primaryimage\"},\"thumbnailUrl\":\"https:\/\/www.tavidraugi.lv\/wp-content\/uploads\/2023\/02\/aif.png\",\"datePublished\":\"2023-02-18T10:05:39+00:00\",\"dateModified\":\"2023-11-02T10:10:49+00:00\",\"inLanguage\":\"en-US\",\"potentialAction\":[{\"@type\":\"ReadAction\",\"target\":[\"https:\/\/www.tavidraugi.lv\/en\/aif-projekts\/\"]}]},{\"@type\":\"ImageObject\",\"inLanguage\":\"en-US\",\"@id\":\"https:\/\/www.tavidraugi.lv\/en\/aif-projekts\/#primaryimage\",\"url\":\"https:\/\/www.tavidraugi.lv\/wp-content\/uploads\/2023\/02\/aif.png\",\"contentUrl\":\"https:\/\/www.tavidraugi.lv\/wp-content\/uploads\/2023\/02\/aif.png\"},{\"@type\":\"WebSite\",\"@id\":\"https:\/\/www.tavidraugi.lv\/en\/#website\",\"url\":\"https:\/\/www.tavidraugi.lv\/en\/\",\"name\":\"Tavi Draugi\",\"description\":\"Labdar\u012bbas Biedr\u012bba\",\"publisher\":{\"@id\":\"https:\/\/www.tavidraugi.lv\/en\/#organization\"},\"potentialAction\":[{\"@type\":\"SearchAction\",\"target\":{\"@type\":\"EntryPoint\",\"urlTemplate\":\"https:\/\/www.tavidraugi.lv\/en\/?s={search_term_string}\"},\"query-input\":{\"@type\":\"PropertyValueSpecification\",\"valueRequired\":true,\"valueName\":\"search_term_string\"}}],\"inLanguage\":\"en-US\"},{\"@type\":\"Organization\",\"@id\":\"https:\/\/www.tavidraugi.lv\/en\/#organization\",\"name\":\"Tavi Draugi\",\"url\":\"https:\/\/www.tavidraugi.lv\/en\/\",\"logo\":{\"@type\":\"ImageObject\",\"inLanguage\":\"en-US\",\"@id\":\"https:\/\/www.tavidraugi.lv\/en\/#\/schema\/logo\/image\/\",\"url\":\"https:\/\/www.tavidraugi.lv\/wp-content\/uploads\/2023\/09\/logo.webp\",\"contentUrl\":\"https:\/\/www.tavidraugi.lv\/wp-content\/uploads\/2023\/09\/logo.webp\",\"width\":592,\"height\":592,\"caption\":\"Tavi Draugi\"},\"image\":{\"@id\":\"https:\/\/www.tavidraugi.lv\/en\/#\/schema\/logo\/image\/\"}}]}<\/script>\n<!-- \/ Yoast SEO plugin. -->","yoast_head_json":{"title":"AIF Projekts - Tavi Draugi","robots":{"index":"index","follow":"follow","max-snippet":"max-snippet:-1","max-image-preview":"max-image-preview:large","max-video-preview":"max-video-preview:-1"},"canonical":"https:\/\/www.tavidraugi.lv\/en\/aif-projekts\/","og_locale":"en_US","og_type":"article","og_title":"AIF Projekts - Tavi Draugi","og_description":"Datums: 31.03.2022 Biedr\u012bba \u201cTavi draugi\u201d uzs\u0101k \u012bstenot projektu \u201cKoordin\u0113ts hum\u0101nais atbalsts Ukrainas iedz\u012bvot\u0101jiem\u201d, kas tiek finans\u0113ts Akt\u012bvo iedz\u012bvot\u0101ju fonda (AIF) r\u012bc\u012bbas projektu ietvar\u0101. Projekta m\u0113r\u0137is ir nodro\u0161in\u0101t koordin\u0113tu hum\u0101n\u0101s pal\u012bdz\u012bbas snieg\u0161anu Ukrainas iedz\u012bvot\u0101jiem, organiz\u0113jot un koordin\u0113jot Latvijas iedz\u012bvot\u0101ju, organiz\u0101ciju un uz\u0146\u0113mumu br\u012bvpr\u0101t\u012bgo iesaisti pal\u012bdz\u012bbas snieg\u0161an\u0101. Projekta \u012bsteno\u0161anas termi\u0146\u0161: 25.03.2022 -31.05.2022; Projekta izmaksas 9 997.34 EUR, [&hellip;]","og_url":"https:\/\/www.tavidraugi.lv\/en\/aif-projekts\/","og_site_name":"Tavi Draugi","article_modified_time":"2023-11-02T10:10:49+00:00","og_image":[{"url":"https:\/\/www.tavidraugi.lv\/wp-content\/uploads\/2023\/02\/aif.png","type":"","width":"","height":""}],"twitter_card":"summary_large_image","twitter_misc":{"Est. reading time":"2 minutes"},"schema":{"@context":"https:\/\/schema.org","@graph":[{"@type":"WebPage","@id":"https:\/\/www.tavidraugi.lv\/en\/aif-projekts\/","url":"https:\/\/www.tavidraugi.lv\/en\/aif-projekts\/","name":"AIF Projekts - Tavi Draugi","isPartOf":{"@id":"https:\/\/www.tavidraugi.lv\/en\/#website"},"primaryImageOfPage":{"@id":"https:\/\/www.tavidraugi.lv\/en\/aif-projekts\/#primaryimage"},"image":{"@id":"https:\/\/www.tavidraugi.lv\/en\/aif-projekts\/#primaryimage"},"thumbnailUrl":"https:\/\/www.tavidraugi.lv\/wp-content\/uploads\/2023\/02\/aif.png","datePublished":"2023-02-18T10:05:39+00:00","dateModified":"2023-11-02T10:10:49+00:00","inLanguage":"en-US","potentialAction":[{"@type":"ReadAction","target":["https:\/\/www.tavidraugi.lv\/en\/aif-projekts\/"]}]},{"@type":"ImageObject","inLanguage":"en-US","@id":"https:\/\/www.tavidraugi.lv\/en\/aif-projekts\/#primaryimage","url":"https:\/\/www.tavidraugi.lv\/wp-content\/uploads\/2023\/02\/aif.png","contentUrl":"https:\/\/www.tavidraugi.lv\/wp-content\/uploads\/2023\/02\/aif.png"},{"@type":"WebSite","@id":"https:\/\/www.tavidraugi.lv\/en\/#website","url":"https:\/\/www.tavidraugi.lv\/en\/","name":"Tavi Draugi","description":"Labdar\u012bbas Biedr\u012bba","publisher":{"@id":"https:\/\/www.tavidraugi.lv\/en\/#organization"},"potentialAction":[{"@type":"SearchAction","target":{"@type":"EntryPoint","urlTemplate":"https:\/\/www.tavidraugi.lv\/en\/?s={search_term_string}"},"query-input":{"@type":"PropertyValueSpecification","valueRequired":true,"valueName":"search_term_string"}}],"inLanguage":"en-US"},{"@type":"Organization","@id":"https:\/\/www.tavidraugi.lv\/en\/#organization","name":"Tavi Draugi","url":"https:\/\/www.tavidraugi.lv\/en\/","logo":{"@type":"ImageObject","inLanguage":"en-US","@id":"https:\/\/www.tavidraugi.lv\/en\/#\/schema\/logo\/image\/","url":"https:\/\/www.tavidraugi.lv\/wp-content\/uploads\/2023\/09\/logo.webp","contentUrl":"https:\/\/www.tavidraugi.lv\/wp-content\/uploads\/2023\/09\/logo.webp","width":592,"height":592,"caption":"Tavi Draugi"},"image":{"@id":"https:\/\/www.tavidraugi.lv\/en\/#\/schema\/logo\/image\/"}}]}},"_links":{"self":[{"href":"https:\/\/www.tavidraugi.lv\/en\/wp-json\/wp\/v2\/pages\/2358","targetHints":{"allow":["GET"]}}],"collection":[{"href":"https:\/\/www.tavidraugi.lv\/en\/wp-json\/wp\/v2\/pages"}],"about":[{"href":"https:\/\/www.tavidraugi.lv\/en\/wp-json\/wp\/v2\/types\/page"}],"author":[{"embeddable":true,"href":"https:\/\/www.tavidraugi.lv\/en\/wp-json\/wp\/v2\/users\/1"}],"replies":[{"embeddable":true,"href":"https:\/\/www.tavidraugi.lv\/en\/wp-json\/wp\/v2\/comments?post=2358"}],"version-history":[{"count":0,"href":"https:\/\/www.tavidraugi.lv\/en\/wp-json\/wp\/v2\/pages\/2358\/revisions"}],"wp:attachment":[{"href":"https:\/\/www.tavidraugi.lv\/en\/wp-json\/wp\/v2\/media?parent=2358"}],"curies":[{"name":"wp","href":"https:\/\/api.w.org\/{rel}","templated":true}]}}