{"id":2353,"date":"2023-07-17T16:18:13","date_gmt":"2023-07-17T16:18:13","guid":{"rendered":"https:\/\/www.tavidraugi.lv\/atbalsts\/"},"modified":"2023-11-02T10:09:14","modified_gmt":"2023-11-02T10:09:14","slug":"atbalsts","status":"publish","type":"page","link":"https:\/\/www.tavidraugi.lv\/en\/atbalsts\/","title":{"rendered":"ATBALSTS"},"content":{"rendered":"<p>Biedr\u012bba \u201eTavi draugi\u201d sa\u0146\u0113musi atbalstu Latvijas Republikas Kult\u016bras ministrijas un biedr\u012bbas \u201cLatvijas Pilsoniska alianse\u201d nosl\u0113gt\u0101 l\u012bdzdarb\u012bbas l\u012bguma par atsevi\u0161\u0137u valsts p\u0101rvaldes uzdevumu veik\u0161anu pilsonisk\u0101s sabiedr\u012bbas un starpkult\u016bru sadarb\u012bbas att\u012bst\u012bbas un maz\u0101kumtaut\u012bbu nevalstisko organiz\u0101ciju l\u012bdzdal\u012bbas veicin\u0101\u0161anas jom\u0101 R\u012bgas re\u0123ion\u0101 ietvaros.<\/p>\n<p>Biedr\u012bba l\u012bdz 2023.gada 10.j\u016blijam \u012bstenojusi divus projektus &#8211; l\u012bguma Nr.2.5-8-20.<\/p>\n<p>Atbalsts sa\u0146emts materi\u0101ltehnisk\u0101s b\u0101zes nodro\u0161in\u0101\u0161anai \u2013 nomas maksas da\u013c\u0113jai apmaksai biedr\u012bbas ang\u0101ra telp\u0101m Ventspils iel\u0101 50, R\u012bg\u0101.<\/p>\n<p>Projektu m\u0113r\u0137a grupa \u2013 Ukrainas civiliedz\u012bvot\u0101ji un Latvijas pilsonisk\u0101 sabiedr\u012bba.<\/p>\n<p>Atbalsts sa\u0146emts 100% apm\u0113r\u0101 no kop\u0113j\u0101m projektu izmaks\u0101m \u2013 2000 EUR.<\/p>\n<p>&nbsp;<\/p>\n<p>&nbsp;<\/p>\n<div id='gallery-1' class='gallery galleryid-2353 gallery-columns-3 gallery-size-thumbnail'><figure class='gallery-item'>\n\t\t\t<div class='gallery-icon landscape'>\n\t\t\t\t<a href='https:\/\/www.tavidraugi.lv\/en\/atbalsts\/logo_1_lat_0_0-2\/'><img decoding=\"async\" width=\"150\" height=\"103\" src=\"https:\/\/www.tavidraugi.lv\/wp-content\/uploads\/2023\/07\/logo_1_lat_0_0-150x103.png\" class=\"attachment-thumbnail size-thumbnail\" alt=\"\" \/><\/a>\n\t\t\t<\/div><\/figure><figure class='gallery-item'>\n\t\t\t<div class='gallery-icon landscape'>\n\t\t\t\t<a href='https:\/\/www.tavidraugi.lv\/en\/atbalsts\/download11-2\/'><img decoding=\"async\" width=\"150\" height=\"150\" src=\"https:\/\/www.tavidraugi.lv\/wp-content\/uploads\/2023\/07\/download11-150x150.jpeg\" class=\"attachment-thumbnail size-thumbnail\" alt=\"\" srcset=\"https:\/\/www.tavidraugi.lv\/wp-content\/uploads\/2023\/07\/download11-150x150.jpeg 150w, https:\/\/www.tavidraugi.lv\/wp-content\/uploads\/2023\/07\/download11-100x100.jpeg 100w\" sizes=\"(max-width: 150px) 100vw, 150px\" \/><\/a>\n\t\t\t<\/div><\/figure>\n\t\t<\/div>\n\n<p>&nbsp;<\/p>\n<p>&nbsp;<\/p>\n","protected":false},"excerpt":{"rendered":"<p>Biedr\u012bba \u201eTavi draugi\u201d sa\u0146\u0113musi atbalstu Latvijas Republikas Kult\u016bras ministrijas un biedr\u012bbas \u201cLatvijas Pilsoniska alianse\u201d nosl\u0113gt\u0101 l\u012bdzdarb\u012bbas l\u012bguma par atsevi\u0161\u0137u valsts p\u0101rvaldes uzdevumu veik\u0161anu pilsonisk\u0101s sabiedr\u012bbas un starpkult\u016bru sadarb\u012bbas att\u012bst\u012bbas un maz\u0101kumtaut\u012bbu nevalstisko organiz\u0101ciju l\u012bdzdal\u012bbas veicin\u0101\u0161anas jom\u0101 R\u012bgas re\u0123ion\u0101 ietvaros. Biedr\u012bba l\u012bdz 2023.gada 10.j\u016blijam \u012bstenojusi divus projektus &#8211; l\u012bguma Nr.2.5-8-20. Atbalsts sa\u0146emts materi\u0101ltehnisk\u0101s b\u0101zes nodro\u0161in\u0101\u0161anai \u2013 [&hellip;]<\/p>\n","protected":false},"author":2,"featured_media":0,"parent":0,"menu_order":0,"comment_status":"closed","ping_status":"closed","template":"","meta":{"_acf_changed":false,"footnotes":""},"class_list":["post-2353","page","type-page","status-publish","hentry"],"acf":[],"yoast_head":"<!-- This site is optimized with the Yoast SEO plugin v25.8 - https:\/\/yoast.com\/wordpress\/plugins\/seo\/ -->\n<title>ATBALSTS - Tavi Draugi<\/title>\n<meta name=\"robots\" content=\"index, follow, max-snippet:-1, max-image-preview:large, max-video-preview:-1\" \/>\n<link rel=\"canonical\" href=\"https:\/\/www.tavidraugi.lv\/en\/atbalsts\/\" \/>\n<meta property=\"og:locale\" content=\"en_US\" \/>\n<meta property=\"og:type\" content=\"article\" \/>\n<meta property=\"og:title\" content=\"ATBALSTS - Tavi Draugi\" \/>\n<meta property=\"og:description\" content=\"Biedr\u012bba \u201eTavi draugi\u201d sa\u0146\u0113musi atbalstu Latvijas Republikas Kult\u016bras ministrijas un biedr\u012bbas \u201cLatvijas Pilsoniska alianse\u201d nosl\u0113gt\u0101 l\u012bdzdarb\u012bbas l\u012bguma par atsevi\u0161\u0137u valsts p\u0101rvaldes uzdevumu veik\u0161anu pilsonisk\u0101s sabiedr\u012bbas un starpkult\u016bru sadarb\u012bbas att\u012bst\u012bbas un maz\u0101kumtaut\u012bbu nevalstisko organiz\u0101ciju l\u012bdzdal\u012bbas veicin\u0101\u0161anas jom\u0101 R\u012bgas re\u0123ion\u0101 ietvaros. Biedr\u012bba l\u012bdz 2023.gada 10.j\u016blijam \u012bstenojusi divus projektus &#8211; l\u012bguma Nr.2.5-8-20. Atbalsts sa\u0146emts materi\u0101ltehnisk\u0101s b\u0101zes nodro\u0161in\u0101\u0161anai \u2013 [&hellip;]\" \/>\n<meta property=\"og:url\" content=\"https:\/\/www.tavidraugi.lv\/en\/atbalsts\/\" \/>\n<meta property=\"og:site_name\" content=\"Tavi Draugi\" \/>\n<meta property=\"article:modified_time\" content=\"2023-11-02T10:09:14+00:00\" \/>\n<meta property=\"og:image\" content=\"https:\/\/www.tavidraugi.lv\/wp-content\/uploads\/2023\/07\/logo_1_lat_0_0.png\" \/>\n<meta name=\"twitter:card\" content=\"summary_large_image\" \/>\n<meta name=\"twitter:label1\" content=\"Est. reading time\" \/>\n\t<meta name=\"twitter:data1\" content=\"1 minute\" \/>\n<script type=\"application\/ld+json\" class=\"yoast-schema-graph\">{\"@context\":\"https:\/\/schema.org\",\"@graph\":[{\"@type\":\"WebPage\",\"@id\":\"https:\/\/www.tavidraugi.lv\/en\/atbalsts\/\",\"url\":\"https:\/\/www.tavidraugi.lv\/en\/atbalsts\/\",\"name\":\"ATBALSTS - Tavi Draugi\",\"isPartOf\":{\"@id\":\"https:\/\/www.tavidraugi.lv\/en\/#website\"},\"datePublished\":\"2023-07-17T16:18:13+00:00\",\"dateModified\":\"2023-11-02T10:09:14+00:00\",\"inLanguage\":\"en-US\",\"potentialAction\":[{\"@type\":\"ReadAction\",\"target\":[\"https:\/\/www.tavidraugi.lv\/en\/atbalsts\/\"]}]},{\"@type\":\"WebSite\",\"@id\":\"https:\/\/www.tavidraugi.lv\/en\/#website\",\"url\":\"https:\/\/www.tavidraugi.lv\/en\/\",\"name\":\"Tavi Draugi\",\"description\":\"Labdar\u012bbas Biedr\u012bba\",\"publisher\":{\"@id\":\"https:\/\/www.tavidraugi.lv\/en\/#organization\"},\"potentialAction\":[{\"@type\":\"SearchAction\",\"target\":{\"@type\":\"EntryPoint\",\"urlTemplate\":\"https:\/\/www.tavidraugi.lv\/en\/?s={search_term_string}\"},\"query-input\":{\"@type\":\"PropertyValueSpecification\",\"valueRequired\":true,\"valueName\":\"search_term_string\"}}],\"inLanguage\":\"en-US\"},{\"@type\":\"Organization\",\"@id\":\"https:\/\/www.tavidraugi.lv\/en\/#organization\",\"name\":\"Tavi Draugi\",\"url\":\"https:\/\/www.tavidraugi.lv\/en\/\",\"logo\":{\"@type\":\"ImageObject\",\"inLanguage\":\"en-US\",\"@id\":\"https:\/\/www.tavidraugi.lv\/en\/#\/schema\/logo\/image\/\",\"url\":\"https:\/\/www.tavidraugi.lv\/wp-content\/uploads\/2023\/09\/logo.webp\",\"contentUrl\":\"https:\/\/www.tavidraugi.lv\/wp-content\/uploads\/2023\/09\/logo.webp\",\"width\":592,\"height\":592,\"caption\":\"Tavi Draugi\"},\"image\":{\"@id\":\"https:\/\/www.tavidraugi.lv\/en\/#\/schema\/logo\/image\/\"}}]}<\/script>\n<!-- \/ Yoast SEO plugin. -->","yoast_head_json":{"title":"ATBALSTS - Tavi Draugi","robots":{"index":"index","follow":"follow","max-snippet":"max-snippet:-1","max-image-preview":"max-image-preview:large","max-video-preview":"max-video-preview:-1"},"canonical":"https:\/\/www.tavidraugi.lv\/en\/atbalsts\/","og_locale":"en_US","og_type":"article","og_title":"ATBALSTS - Tavi Draugi","og_description":"Biedr\u012bba \u201eTavi draugi\u201d sa\u0146\u0113musi atbalstu Latvijas Republikas Kult\u016bras ministrijas un biedr\u012bbas \u201cLatvijas Pilsoniska alianse\u201d nosl\u0113gt\u0101 l\u012bdzdarb\u012bbas l\u012bguma par atsevi\u0161\u0137u valsts p\u0101rvaldes uzdevumu veik\u0161anu pilsonisk\u0101s sabiedr\u012bbas un starpkult\u016bru sadarb\u012bbas att\u012bst\u012bbas un maz\u0101kumtaut\u012bbu nevalstisko organiz\u0101ciju l\u012bdzdal\u012bbas veicin\u0101\u0161anas jom\u0101 R\u012bgas re\u0123ion\u0101 ietvaros. Biedr\u012bba l\u012bdz 2023.gada 10.j\u016blijam \u012bstenojusi divus projektus &#8211; l\u012bguma Nr.2.5-8-20. Atbalsts sa\u0146emts materi\u0101ltehnisk\u0101s b\u0101zes nodro\u0161in\u0101\u0161anai \u2013 [&hellip;]","og_url":"https:\/\/www.tavidraugi.lv\/en\/atbalsts\/","og_site_name":"Tavi Draugi","article_modified_time":"2023-11-02T10:09:14+00:00","og_image":[{"url":"https:\/\/www.tavidraugi.lv\/wp-content\/uploads\/2023\/07\/logo_1_lat_0_0.png","type":"","width":"","height":""}],"twitter_card":"summary_large_image","twitter_misc":{"Est. reading time":"1 minute"},"schema":{"@context":"https:\/\/schema.org","@graph":[{"@type":"WebPage","@id":"https:\/\/www.tavidraugi.lv\/en\/atbalsts\/","url":"https:\/\/www.tavidraugi.lv\/en\/atbalsts\/","name":"ATBALSTS - Tavi Draugi","isPartOf":{"@id":"https:\/\/www.tavidraugi.lv\/en\/#website"},"datePublished":"2023-07-17T16:18:13+00:00","dateModified":"2023-11-02T10:09:14+00:00","inLanguage":"en-US","potentialAction":[{"@type":"ReadAction","target":["https:\/\/www.tavidraugi.lv\/en\/atbalsts\/"]}]},{"@type":"WebSite","@id":"https:\/\/www.tavidraugi.lv\/en\/#website","url":"https:\/\/www.tavidraugi.lv\/en\/","name":"Tavi Draugi","description":"Labdar\u012bbas Biedr\u012bba","publisher":{"@id":"https:\/\/www.tavidraugi.lv\/en\/#organization"},"potentialAction":[{"@type":"SearchAction","target":{"@type":"EntryPoint","urlTemplate":"https:\/\/www.tavidraugi.lv\/en\/?s={search_term_string}"},"query-input":{"@type":"PropertyValueSpecification","valueRequired":true,"valueName":"search_term_string"}}],"inLanguage":"en-US"},{"@type":"Organization","@id":"https:\/\/www.tavidraugi.lv\/en\/#organization","name":"Tavi Draugi","url":"https:\/\/www.tavidraugi.lv\/en\/","logo":{"@type":"ImageObject","inLanguage":"en-US","@id":"https:\/\/www.tavidraugi.lv\/en\/#\/schema\/logo\/image\/","url":"https:\/\/www.tavidraugi.lv\/wp-content\/uploads\/2023\/09\/logo.webp","contentUrl":"https:\/\/www.tavidraugi.lv\/wp-content\/uploads\/2023\/09\/logo.webp","width":592,"height":592,"caption":"Tavi Draugi"},"image":{"@id":"https:\/\/www.tavidraugi.lv\/en\/#\/schema\/logo\/image\/"}}]}},"_links":{"self":[{"href":"https:\/\/www.tavidraugi.lv\/en\/wp-json\/wp\/v2\/pages\/2353","targetHints":{"allow":["GET"]}}],"collection":[{"href":"https:\/\/www.tavidraugi.lv\/en\/wp-json\/wp\/v2\/pages"}],"about":[{"href":"https:\/\/www.tavidraugi.lv\/en\/wp-json\/wp\/v2\/types\/page"}],"author":[{"embeddable":true,"href":"https:\/\/www.tavidraugi.lv\/en\/wp-json\/wp\/v2\/users\/2"}],"replies":[{"embeddable":true,"href":"https:\/\/www.tavidraugi.lv\/en\/wp-json\/wp\/v2\/comments?post=2353"}],"version-history":[{"count":0,"href":"https:\/\/www.tavidraugi.lv\/en\/wp-json\/wp\/v2\/pages\/2353\/revisions"}],"wp:attachment":[{"href":"https:\/\/www.tavidraugi.lv\/en\/wp-json\/wp\/v2\/media?parent=2353"}],"curies":[{"name":"wp","href":"https:\/\/api.w.org\/{rel}","templated":true}]}}